{"id":1538,"date":"2023-10-06T12:26:56","date_gmt":"2023-10-06T12:26:56","guid":{"rendered":"https:\/\/www.halisof.com\/?page_id=1538"},"modified":"2025-10-06T14:39:28","modified_gmt":"2025-10-06T14:39:28","slug":"a-propos","status":"publish","type":"page","link":"https:\/\/www.halisof.com\/fr\/a-propos\/","title":{"rendered":"\u00c0 propos"},"content":{"rendered":"\t\t<div data-elementor-type=\"wp-page\" data-elementor-id=\"1538\" class=\"elementor elementor-1538 elementor-16\" data-elementor-post-type=\"page\">\n\t\t\t\t<div class=\"elementor-element elementor-element-f8e10bc e-con-full e-flex e-con e-parent\" data-id=\"f8e10bc\" data-element_type=\"container\" data-settings=\"{&quot;background_background&quot;:&quot;classic&quot;}\">\n\t\t\t\t<div class=\"elementor-element elementor-element-114d726 elementor-widget elementor-widget-heading\" data-id=\"114d726\" data-element_type=\"widget\" data-widget_type=\"heading.default\">\n\t\t\t\t<div class=\"elementor-widget-container\">\n\t\t\t\t\t<h2 class=\"elementor-heading-title elementor-size-default\">\u00c0 PROPOS<\/h2>\t\t\t\t<\/div>\n\t\t\t\t<\/div>\n\t\t\t\t<\/div>\n\t\t<div class=\"elementor-element elementor-element-e0b8f32 e-flex e-con-boxed e-con e-parent\" data-id=\"e0b8f32\" data-element_type=\"container\" data-settings=\"{&quot;background_background&quot;:&quot;classic&quot;}\">\n\t\t\t\t\t<div class=\"e-con-inner\">\n\t\t\t\t\t<\/div>\n\t\t\t\t<\/div>\n\t\t<div class=\"elementor-element elementor-element-2165c94 rreth-nesh-tabs e-flex e-con-boxed e-con e-parent\" data-id=\"2165c94\" data-element_type=\"container\">\n\t\t\t\t\t<div class=\"e-con-inner\">\n\t\t\t\t<div class=\"elementor-element elementor-element-3dce740 elementor-tabs-view-vertical elementor-widget elementor-widget-tabs\" data-id=\"3dce740\" data-element_type=\"widget\" data-widget_type=\"tabs.default\">\n\t\t\t\t<div class=\"elementor-widget-container\">\n\t\t\t\t\t\t\t<div class=\"elementor-tabs\">\n\t\t\t<div class=\"elementor-tabs-wrapper\" role=\"tablist\" >\n\t\t\t\t\t\t\t\t\t<div id=\"elementor-tab-title-6481\" class=\"elementor-tab-title elementor-tab-desktop-title\" aria-selected=\"true\" data-tab=\"1\" role=\"tab\" tabindex=\"0\" aria-controls=\"elementor-tab-content-6481\" aria-expanded=\"false\">\u00c0 propos<\/div>\n\t\t\t\t\t\t\t\t\t<div id=\"elementor-tab-title-6482\" class=\"elementor-tab-title elementor-tab-desktop-title\" aria-selected=\"false\" data-tab=\"2\" role=\"tab\" tabindex=\"-1\" aria-controls=\"elementor-tab-content-6482\" aria-expanded=\"false\">Valeurs<\/div>\n\t\t\t\t\t\t\t\t\t<div id=\"elementor-tab-title-6483\" class=\"elementor-tab-title elementor-tab-desktop-title\" aria-selected=\"false\" data-tab=\"3\" role=\"tab\" tabindex=\"-1\" aria-controls=\"elementor-tab-content-6483\" aria-expanded=\"false\">Philosophie<\/div>\n\t\t\t\t\t\t\t<\/div>\n\t\t\t<div class=\"elementor-tabs-content-wrapper\" role=\"tablist\" aria-orientation=\"vertical\">\n\t\t\t\t\t\t\t\t\t<div class=\"elementor-tab-title elementor-tab-mobile-title\" aria-selected=\"true\" data-tab=\"1\" role=\"tab\" tabindex=\"0\" aria-controls=\"elementor-tab-content-6481\" aria-expanded=\"false\">\u00c0 propos<\/div>\n\t\t\t\t\t<div id=\"elementor-tab-content-6481\" class=\"elementor-tab-content elementor-clearfix\" data-tab=\"1\" role=\"tabpanel\" aria-labelledby=\"elementor-tab-title-6481\" tabindex=\"0\" hidden=\"false\"><p><strong><em>HALISOF LTD<\/em><\/strong><em> est une entreprise de construction fond\u00e9e en juin 2011 par l\u2019unique directeur, M. Klaudio Riko.<\/em><\/p><p><em>Tout en apportant d\u2019Italie une exp\u00e9rience de plus de deux d\u00e9cennies, l\u2019objectif de notre soci\u00e9t\u00e9 a \u00e9t\u00e9 et restera la r\u00e9alisation de constructions de haute qualit\u00e9 conformes aux normes europ\u00e9ennes, o\u00f9 les ouvrages non seulement r\u00e9sistent au temps, mais conservent la m\u00eame qualit\u00e9 et int\u00e9grit\u00e9 au fil des ann\u00e9es.<\/em><\/p><p><em>L\u2019Italie n\u2019a pas seulement transmis l\u2019unicit\u00e9 de son architecture, elle fait \u00e9galement partie int\u00e9grante de nos projets gr\u00e2ce \u00e0 la coop\u00e9ration avec des partenaires et des professionnels du pays.<\/em><\/p><p><em>La vision de <strong>HALISOF LTD<\/strong> demeure la mise en \u0153uvre r\u00e9ussie de projets de haut niveau, int\u00e9grant des solutions durables et respectueuses de l\u2019environnement.<\/em><\/p><\/div>\n\t\t\t\t\t\t\t\t\t<div class=\"elementor-tab-title elementor-tab-mobile-title\" aria-selected=\"false\" data-tab=\"2\" role=\"tab\" tabindex=\"-1\" aria-controls=\"elementor-tab-content-6482\" aria-expanded=\"false\">Valeurs<\/div>\n\t\t\t\t\t<div id=\"elementor-tab-content-6482\" class=\"elementor-tab-content elementor-clearfix\" data-tab=\"2\" role=\"tabpanel\" aria-labelledby=\"elementor-tab-title-6482\" tabindex=\"0\" hidden=\"hidden\"><p><em>Le professionnalisme est l\u2019un des piliers fondamentaux de notre entreprise. Notre \u00e9quipe est compos\u00e9e de professionnels hautement qualifi\u00e9s, dot\u00e9s d\u2019une solide exp\u00e9rience dans le secteur de la construction.<\/em><\/p><p><em>L\u2019innovation est un autre \u00e9l\u00e9ment cl\u00e9 de notre soci\u00e9t\u00e9 de construction. Nous sommes en recherche constante de nouvelles technologies, de mat\u00e9riaux et de m\u00e9thodes de construction afin d\u2019am\u00e9liorer l\u2019efficacit\u00e9 et la durabilit\u00e9 de nos projets.<\/em><\/p><p><em>La qualit\u00e9 est notre priorit\u00e9 absolue. Nous utilisons uniquement des mat\u00e9riaux de premi\u00e8re qualit\u00e9 et collaborons avec des fournisseurs fiables afin de garantir la solidit\u00e9 et la long\u00e9vit\u00e9 de nos r\u00e9alisations. Chaque projet fait l\u2019objet de contr\u00f4les rigoureux pour s\u2019assurer qu\u2019il r\u00e9pond aux normes les plus \u00e9lev\u00e9es.<\/em><\/p><\/div>\n\t\t\t\t\t\t\t\t\t<div class=\"elementor-tab-title elementor-tab-mobile-title\" aria-selected=\"false\" data-tab=\"3\" role=\"tab\" tabindex=\"-1\" aria-controls=\"elementor-tab-content-6483\" aria-expanded=\"false\">Philosophie<\/div>\n\t\t\t\t\t<div id=\"elementor-tab-content-6483\" class=\"elementor-tab-content elementor-clearfix\" data-tab=\"3\" role=\"tabpanel\" aria-labelledby=\"elementor-tab-title-6483\" tabindex=\"0\" hidden=\"hidden\"><p><em>La philosophie de notre entreprise de construction repose sur trois principes fondamentaux : l\u2019\u00e9co-durabilit\u00e9, la qualit\u00e9 et la stabilit\u00e9.<br \/>Ces valeurs guident chaque aspect de notre travail et nous permettent de proposer des solutions de construction respectueuses de l\u2019environnement, offrant des r\u00e9sultats de haute qualit\u00e9 et favorisant une stabilit\u00e9 \u00e0 long terme.<\/em><\/p><\/div>\n\t\t\t\t\t\t\t<\/div>\n\t\t<\/div>\n\t\t\t\t\t\t<\/div>\n\t\t\t\t<\/div>\n\t\t\t\t\t<\/div>\n\t\t\t\t<\/div>\n\t\t\t\t<\/div>\n\t\t","protected":false},"excerpt":{"rendered":"<p>\u00c0 PROPOS \u00c0 propos Valeurs Philosophie \u00c0 propos HALISOF LTD est une entreprise de construction fond\u00e9e en juin 2011 par l\u2019unique directeur, M. Klaudio Riko. Tout en apportant d\u2019Italie une exp\u00e9rience de plus de deux d\u00e9cennies, l\u2019objectif de notre soci\u00e9t\u00e9 a \u00e9t\u00e9 et restera la r\u00e9alisation de constructions de haute qualit\u00e9 conformes aux normes europ\u00e9ennes, [&hellip;]<\/p>\n","protected":false},"author":1,"featured_media":0,"parent":0,"menu_order":0,"comment_status":"closed","ping_status":"closed","template":"","meta":{"footnotes":""},"class_list":["post-1538","page","type-page","status-publish","hentry"],"yoast_head":"<!-- This site is optimized with the Yoast SEO plugin v25.5 - https:\/\/yoast.com\/wordpress\/plugins\/seo\/ -->\n<title>\u00c0 propos - Halisof<\/title>\n<meta name=\"robots\" content=\"index, follow, max-snippet:-1, max-image-preview:large, max-video-preview:-1\" \/>\n<link rel=\"canonical\" href=\"https:\/\/www.halisof.com\/fr\/a-propos\/\" \/>\n<meta property=\"og:locale\" content=\"fr_FR\" \/>\n<meta property=\"og:type\" content=\"article\" \/>\n<meta property=\"og:title\" content=\"\u00c0 propos - Halisof\" \/>\n<meta property=\"og:description\" content=\"\u00c0 PROPOS \u00c0 propos Valeurs Philosophie \u00c0 propos HALISOF LTD est une entreprise de construction fond\u00e9e en juin 2011 par l\u2019unique directeur, M. Klaudio Riko. Tout en apportant d\u2019Italie une exp\u00e9rience de plus de deux d\u00e9cennies, l\u2019objectif de notre soci\u00e9t\u00e9 a \u00e9t\u00e9 et restera la r\u00e9alisation de constructions de haute qualit\u00e9 conformes aux normes europ\u00e9ennes, [&hellip;]\" \/>\n<meta property=\"og:url\" content=\"https:\/\/www.halisof.com\/fr\/a-propos\/\" \/>\n<meta property=\"og:site_name\" content=\"Halisof\" \/>\n<meta property=\"article:modified_time\" content=\"2025-10-06T14:39:28+00:00\" \/>\n<meta name=\"twitter:card\" content=\"summary_large_image\" \/>\n<meta name=\"twitter:label1\" content=\"Dur\u00e9e de lecture estim\u00e9e\" \/>\n\t<meta name=\"twitter:data1\" content=\"2 minutes\" \/>\n<script type=\"application\/ld+json\" class=\"yoast-schema-graph\">{\"@context\":\"https:\/\/schema.org\",\"@graph\":[{\"@type\":\"WebPage\",\"@id\":\"https:\/\/www.halisof.com\/fr\/a-propos\/\",\"url\":\"https:\/\/www.halisof.com\/fr\/a-propos\/\",\"name\":\"\u00c0 propos - Halisof\",\"isPartOf\":{\"@id\":\"https:\/\/www.halisof.com\/#website\"},\"datePublished\":\"2023-10-06T12:26:56+00:00\",\"dateModified\":\"2025-10-06T14:39:28+00:00\",\"breadcrumb\":{\"@id\":\"https:\/\/www.halisof.com\/fr\/a-propos\/#breadcrumb\"},\"inLanguage\":\"fr-FR\",\"potentialAction\":[{\"@type\":\"ReadAction\",\"target\":[\"https:\/\/www.halisof.com\/fr\/a-propos\/\"]}]},{\"@type\":\"BreadcrumbList\",\"@id\":\"https:\/\/www.halisof.com\/fr\/a-propos\/#breadcrumb\",\"itemListElement\":[{\"@type\":\"ListItem\",\"position\":1,\"name\":\"Home\",\"item\":\"https:\/\/www.halisof.com\/\"},{\"@type\":\"ListItem\",\"position\":2,\"name\":\"\u00c0 propos\"}]},{\"@type\":\"WebSite\",\"@id\":\"https:\/\/www.halisof.com\/#website\",\"url\":\"https:\/\/www.halisof.com\/\",\"name\":\"Halisof\",\"description\":\"\",\"publisher\":{\"@id\":\"https:\/\/www.halisof.com\/#organization\"},\"potentialAction\":[{\"@type\":\"SearchAction\",\"target\":{\"@type\":\"EntryPoint\",\"urlTemplate\":\"https:\/\/www.halisof.com\/?s={search_term_string}\"},\"query-input\":{\"@type\":\"PropertyValueSpecification\",\"valueRequired\":true,\"valueName\":\"search_term_string\"}}],\"inLanguage\":\"fr-FR\"},{\"@type\":\"Organization\",\"@id\":\"https:\/\/www.halisof.com\/#organization\",\"name\":\"Halisof\",\"url\":\"https:\/\/www.halisof.com\/\",\"logo\":{\"@type\":\"ImageObject\",\"inLanguage\":\"fr-FR\",\"@id\":\"https:\/\/www.halisof.com\/#\/schema\/logo\/image\/\",\"url\":\"https:\/\/www.halisof.com\/wp-content\/uploads\/2023\/10\/logo-Haliso-fwhite.png\",\"contentUrl\":\"https:\/\/www.halisof.com\/wp-content\/uploads\/2023\/10\/logo-Haliso-fwhite.png\",\"width\":2302,\"height\":617,\"caption\":\"Halisof\"},\"image\":{\"@id\":\"https:\/\/www.halisof.com\/#\/schema\/logo\/image\/\"}}]}<\/script>\n<!-- \/ Yoast SEO plugin. -->","yoast_head_json":{"title":"\u00c0 propos - Halisof","robots":{"index":"index","follow":"follow","max-snippet":"max-snippet:-1","max-image-preview":"max-image-preview:large","max-video-preview":"max-video-preview:-1"},"canonical":"https:\/\/www.halisof.com\/fr\/a-propos\/","og_locale":"fr_FR","og_type":"article","og_title":"\u00c0 propos - Halisof","og_description":"\u00c0 PROPOS \u00c0 propos Valeurs Philosophie \u00c0 propos HALISOF LTD est une entreprise de construction fond\u00e9e en juin 2011 par l\u2019unique directeur, M. Klaudio Riko. Tout en apportant d\u2019Italie une exp\u00e9rience de plus de deux d\u00e9cennies, l\u2019objectif de notre soci\u00e9t\u00e9 a \u00e9t\u00e9 et restera la r\u00e9alisation de constructions de haute qualit\u00e9 conformes aux normes europ\u00e9ennes, [&hellip;]","og_url":"https:\/\/www.halisof.com\/fr\/a-propos\/","og_site_name":"Halisof","article_modified_time":"2025-10-06T14:39:28+00:00","twitter_card":"summary_large_image","twitter_misc":{"Dur\u00e9e de lecture estim\u00e9e":"2 minutes"},"schema":{"@context":"https:\/\/schema.org","@graph":[{"@type":"WebPage","@id":"https:\/\/www.halisof.com\/fr\/a-propos\/","url":"https:\/\/www.halisof.com\/fr\/a-propos\/","name":"\u00c0 propos - Halisof","isPartOf":{"@id":"https:\/\/www.halisof.com\/#website"},"datePublished":"2023-10-06T12:26:56+00:00","dateModified":"2025-10-06T14:39:28+00:00","breadcrumb":{"@id":"https:\/\/www.halisof.com\/fr\/a-propos\/#breadcrumb"},"inLanguage":"fr-FR","potentialAction":[{"@type":"ReadAction","target":["https:\/\/www.halisof.com\/fr\/a-propos\/"]}]},{"@type":"BreadcrumbList","@id":"https:\/\/www.halisof.com\/fr\/a-propos\/#breadcrumb","itemListElement":[{"@type":"ListItem","position":1,"name":"Home","item":"https:\/\/www.halisof.com\/"},{"@type":"ListItem","position":2,"name":"\u00c0 propos"}]},{"@type":"WebSite","@id":"https:\/\/www.halisof.com\/#website","url":"https:\/\/www.halisof.com\/","name":"Halisof","description":"","publisher":{"@id":"https:\/\/www.halisof.com\/#organization"},"potentialAction":[{"@type":"SearchAction","target":{"@type":"EntryPoint","urlTemplate":"https:\/\/www.halisof.com\/?s={search_term_string}"},"query-input":{"@type":"PropertyValueSpecification","valueRequired":true,"valueName":"search_term_string"}}],"inLanguage":"fr-FR"},{"@type":"Organization","@id":"https:\/\/www.halisof.com\/#organization","name":"Halisof","url":"https:\/\/www.halisof.com\/","logo":{"@type":"ImageObject","inLanguage":"fr-FR","@id":"https:\/\/www.halisof.com\/#\/schema\/logo\/image\/","url":"https:\/\/www.halisof.com\/wp-content\/uploads\/2023\/10\/logo-Haliso-fwhite.png","contentUrl":"https:\/\/www.halisof.com\/wp-content\/uploads\/2023\/10\/logo-Haliso-fwhite.png","width":2302,"height":617,"caption":"Halisof"},"image":{"@id":"https:\/\/www.halisof.com\/#\/schema\/logo\/image\/"}}]}},"_links":{"self":[{"href":"https:\/\/www.halisof.com\/fr\/wp-json\/wp\/v2\/pages\/1538","targetHints":{"allow":["GET"]}}],"collection":[{"href":"https:\/\/www.halisof.com\/fr\/wp-json\/wp\/v2\/pages"}],"about":[{"href":"https:\/\/www.halisof.com\/fr\/wp-json\/wp\/v2\/types\/page"}],"author":[{"embeddable":true,"href":"https:\/\/www.halisof.com\/fr\/wp-json\/wp\/v2\/users\/1"}],"replies":[{"embeddable":true,"href":"https:\/\/www.halisof.com\/fr\/wp-json\/wp\/v2\/comments?post=1538"}],"version-history":[{"count":7,"href":"https:\/\/www.halisof.com\/fr\/wp-json\/wp\/v2\/pages\/1538\/revisions"}],"predecessor-version":[{"id":1549,"href":"https:\/\/www.halisof.com\/fr\/wp-json\/wp\/v2\/pages\/1538\/revisions\/1549"}],"wp:attachment":[{"href":"https:\/\/www.halisof.com\/fr\/wp-json\/wp\/v2\/media?parent=1538"}],"curies":[{"name":"wp","href":"https:\/\/api.w.org\/{rel}","templated":true}]}}