{"id":1560,"date":"2023-10-10T12:18:09","date_gmt":"2023-10-10T12:18:09","guid":{"rendered":"https:\/\/www.halisof.com\/?page_id=1560"},"modified":"2026-01-07T15:37:16","modified_gmt":"2026-01-07T15:37:16","slug":"halisof-technologies-fr","status":"publish","type":"page","link":"https:\/\/www.halisof.com\/fr\/halisof-technologies-fr\/","title":{"rendered":"Halisof\u00a0Technologies Fr"},"content":{"rendered":"\t\t<div data-elementor-type=\"wp-page\" data-elementor-id=\"1560\" class=\"elementor elementor-1560 elementor-504\" data-elementor-post-type=\"page\">\n\t\t\t\t<div class=\"elementor-element elementor-element-9f063ef e-con-full e-flex e-con e-parent\" data-id=\"9f063ef\" data-element_type=\"container\" data-settings=\"{&quot;background_background&quot;:&quot;classic&quot;}\">\n\t\t\t\t<div class=\"elementor-element elementor-element-329a1e9 elementor-widget elementor-widget-heading\" data-id=\"329a1e9\" data-element_type=\"widget\" data-widget_type=\"heading.default\">\n\t\t\t\t<div class=\"elementor-widget-container\">\n\t\t\t\t\t<h2 class=\"elementor-heading-title elementor-size-default\">HALISOF TECHNOLOGIES<\/h2>\t\t\t\t<\/div>\n\t\t\t\t<\/div>\n\t\t\t\t<\/div>\n\t\t<div class=\"elementor-element elementor-element-f4a82cc e-con-full single-project e-flex e-con e-parent\" data-id=\"f4a82cc\" data-element_type=\"container\">\n\t\t<div class=\"elementor-element elementor-element-f153a34 e-con-full e-flex e-con e-child\" data-id=\"f153a34\" data-element_type=\"container\">\n\t\t\t\t<div class=\"elementor-element elementor-element-3cf5367 elementor-arrows-position-inside elementor-widget elementor-widget-image-carousel\" data-id=\"3cf5367\" data-element_type=\"widget\" data-settings=\"{&quot;slides_to_show&quot;:&quot;1&quot;,&quot;navigation&quot;:&quot;arrows&quot;,&quot;autoplay&quot;:&quot;yes&quot;,&quot;pause_on_hover&quot;:&quot;yes&quot;,&quot;pause_on_interaction&quot;:&quot;yes&quot;,&quot;autoplay_speed&quot;:5000,&quot;infinite&quot;:&quot;yes&quot;,&quot;effect&quot;:&quot;slide&quot;,&quot;speed&quot;:500}\" data-widget_type=\"image-carousel.default\">\n\t\t\t\t<div class=\"elementor-widget-container\">\n\t\t\t\t\t\t\t<div class=\"elementor-image-carousel-wrapper swiper\" role=\"region\" aria-roledescription=\"carousel\" aria-label=\"Image Carousel\" dir=\"ltr\">\n\t\t\t<div class=\"elementor-image-carousel swiper-wrapper swiper-image-stretch\" aria-live=\"off\">\n\t\t\t\t\t\t\t\t<div class=\"swiper-slide\" role=\"group\" aria-roledescription=\"slide\" aria-label=\"1 sur 3\"><figure class=\"swiper-slide-inner\"><img decoding=\"async\" class=\"swiper-slide-image\" src=\"https:\/\/www.halisof.com\/wp-content\/uploads\/2026\/01\/WhatsApp-Image-2026-01-07-at-4.20.47-PM-3.jpeg\" alt=\"WhatsApp Image 2026-01-07 at 4.20.47 PM\" \/><\/figure><\/div><div class=\"swiper-slide\" role=\"group\" aria-roledescription=\"slide\" aria-label=\"2 sur 3\"><figure class=\"swiper-slide-inner\"><img decoding=\"async\" class=\"swiper-slide-image\" src=\"https:\/\/www.halisof.com\/wp-content\/uploads\/2023\/10\/Kapanoni-Halisof-2.jpg\" alt=\"Kapanoni-Halisof-2\" \/><\/figure><\/div><div class=\"swiper-slide\" role=\"group\" aria-roledescription=\"slide\" aria-label=\"3 sur 3\"><figure class=\"swiper-slide-inner\"><img decoding=\"async\" class=\"swiper-slide-image\" src=\"https:\/\/www.halisof.com\/wp-content\/uploads\/2023\/10\/Kapanoni-Halisof-1.jpg\" alt=\"Kapanoni-Halisof-1\" \/><\/figure><\/div>\t\t\t<\/div>\n\t\t\t\t\t\t\t\t\t\t\t\t<div class=\"elementor-swiper-button elementor-swiper-button-prev\" role=\"button\" tabindex=\"0\">\n\t\t\t\t\t\t<svg xmlns=\"http:\/\/www.w3.org\/2000\/svg\" viewBox=\"0 0 44 44\" width=\"44\" height=\"44\"><title>Component 6 \u2013 4-svg<\/title><style>\t\t.s0 { fill: none } \t\t.s1 { fill: none;stroke: #ffffff;stroke-width: 1.5 } \t<\/style><g id=\"Ellipse_1\"><path id=\"Layer\" class=\"s0\" d=\"m22 0c12.2 0 22 9.8 22 22 0 12.2-9.8 22-22 22-12.2 0-22-9.8-22-22 0-12.2 9.8-22 22-22z\"><\/path><path id=\"Layer\" class=\"s1\" d=\"m22 0.8c11.8-0.1 21.3 9.4 21.3 21.2-0.1 11.8-9.5 21.3-21.3 21.3-11.8-0.1-21.3-9.5-21.3-21.3 0.1-11.8 9.5-21.3 21.3-21.3z\"><\/path><\/g><path id=\"Path_82\" class=\"s1\" d=\"m24.3 31.1l-8.8-8.8 8.8-8.7\"><\/path><\/svg>\t\t\t\t\t<\/div>\n\t\t\t\t\t<div class=\"elementor-swiper-button elementor-swiper-button-next\" role=\"button\" tabindex=\"0\">\n\t\t\t\t\t\t<svg xmlns=\"http:\/\/www.w3.org\/2000\/svg\" id=\"Component_6_4\" data-name=\"Component 6 &#x2013; 4\" width=\"44\" height=\"44\" viewBox=\"0 0 44 44\"><g id=\"Ellipse_1\" data-name=\"Ellipse 1\" fill=\"none\" stroke=\"#fff\" stroke-width=\"1.5\"><circle cx=\"22\" cy=\"22\" r=\"22\" stroke=\"none\"><\/circle><circle cx=\"22\" cy=\"22\" r=\"21.25\" fill=\"none\"><\/circle><\/g><path id=\"Path_82\" data-name=\"Path 82\" d=\"M3414,3500.023l8.783,8.783L3414,3517.59\" transform=\"translate(-3394.314 -3487.152)\" fill=\"none\" stroke=\"#fff\" stroke-width=\"1.5\"><\/path><\/svg>\t\t\t\t\t<\/div>\n\t\t\t\t\n\t\t\t\t\t\t\t\t\t<\/div>\n\t\t\t\t\t\t<\/div>\n\t\t\t\t<\/div>\n\t\t\t\t<\/div>\n\t\t<div class=\"elementor-element elementor-element-8d4f748 e-con-full e-flex e-con e-child\" data-id=\"8d4f748\" data-element_type=\"container\" data-settings=\"{&quot;background_background&quot;:&quot;classic&quot;}\">\n\t\t\t\t<div class=\"elementor-element elementor-element-65688ba elementor-widget elementor-widget-text-editor\" data-id=\"65688ba\" data-element_type=\"widget\" data-widget_type=\"text-editor.default\">\n\t\t\t\t<div class=\"elementor-widget-container\">\n\t\t\t\t\t\t\t\t\t<p>L\u2019un des projets cl\u00e9s r\u00e9alis\u00e9s par Halisof shpk a \u00e9t\u00e9 la construction des installations de Halisof Technologies, comprenant une surface utile totale de 6 000 m\u00b2.<br \/>Le d\u00e9veloppement se caract\u00e9rise par une fa\u00e7ade moderne avec un syst\u00e8me de rev\u00eatement, des panneaux sandwich doubles avec briques thermiques, des sols en r\u00e9sine, des portes automatiques, une cl\u00f4ture p\u00e9riph\u00e9rique en b\u00e9ton avec garde-corps m\u00e9talliques, ainsi que des cabines \u00e9lectriques ind\u00e9pendantes.<br \/><br \/>Avec une hauteur de 11,5 m\u00e8tres et un \u00e9clairage naturel abondant, chaque b\u00e2timent comprend 500 m\u00b2 d\u2019espaces de bureaux, un syst\u00e8me de ventilation et de climatisation ultramoderne, ainsi qu\u2019une caf\u00e9t\u00e9ria de 300 m\u00b2 con\u00e7ue pour am\u00e9liorer le confort des employ\u00e9s.<\/p>\t\t\t\t\t\t\t\t<\/div>\n\t\t\t\t<\/div>\n\t\t\t\t<\/div>\n\t\t\t\t<\/div>\n\t\t\t\t<\/div>\n\t\t","protected":false},"excerpt":{"rendered":"<p>HALISOF TECHNOLOGIES Component 6 \u2013 4-svg L\u2019un des projets cl\u00e9s r\u00e9alis\u00e9s par Halisof shpk a \u00e9t\u00e9 la construction des installations de Halisof Technologies, comprenant une surface utile totale de 6 000 m\u00b2.Le d\u00e9veloppement se caract\u00e9rise par une fa\u00e7ade moderne avec un syst\u00e8me de rev\u00eatement, des panneaux sandwich doubles avec briques thermiques, des sols en r\u00e9sine, [&hellip;]<\/p>\n","protected":false},"author":1,"featured_media":0,"parent":0,"menu_order":0,"comment_status":"closed","ping_status":"closed","template":"","meta":{"footnotes":""},"class_list":["post-1560","page","type-page","status-publish","hentry"],"yoast_head":"<!-- This site is optimized with the Yoast SEO plugin v25.5 - https:\/\/yoast.com\/wordpress\/plugins\/seo\/ -->\n<title>Halisof\u00a0Technologies Fr - Halisof<\/title>\n<meta name=\"robots\" content=\"index, follow, max-snippet:-1, max-image-preview:large, max-video-preview:-1\" \/>\n<link rel=\"canonical\" href=\"https:\/\/www.halisof.com\/halisof-technologies\/\" \/>\n<meta property=\"og:locale\" content=\"fr_FR\" \/>\n<meta property=\"og:type\" content=\"article\" \/>\n<meta property=\"og:title\" content=\"Halisof\u00a0Technologies Fr - Halisof\" \/>\n<meta property=\"og:description\" content=\"HALISOF TECHNOLOGIES Component 6 \u2013 4-svg L\u2019un des projets cl\u00e9s r\u00e9alis\u00e9s par Halisof shpk a \u00e9t\u00e9 la construction des installations de Halisof Technologies, comprenant une surface utile totale de 6 000 m\u00b2.Le d\u00e9veloppement se caract\u00e9rise par une fa\u00e7ade moderne avec un syst\u00e8me de rev\u00eatement, des panneaux sandwich doubles avec briques thermiques, des sols en r\u00e9sine, [&hellip;]\" \/>\n<meta property=\"og:url\" content=\"https:\/\/www.halisof.com\/halisof-technologies\/\" \/>\n<meta property=\"og:site_name\" content=\"Halisof\" \/>\n<meta property=\"article:modified_time\" content=\"2026-01-07T15:37:16+00:00\" \/>\n<meta property=\"og:image\" content=\"https:\/\/www.halisof.com\/wp-content\/uploads\/2026\/01\/WhatsApp-Image-2026-01-07-at-4.20.47-PM-3.jpeg\" \/>\n<meta name=\"twitter:card\" content=\"summary_large_image\" \/>\n<meta name=\"twitter:label1\" content=\"Dur\u00e9e de lecture estim\u00e9e\" \/>\n\t<meta name=\"twitter:data1\" content=\"2 minutes\" \/>\n<script type=\"application\/ld+json\" class=\"yoast-schema-graph\">{\"@context\":\"https:\/\/schema.org\",\"@graph\":[{\"@type\":\"WebPage\",\"@id\":\"https:\/\/www.halisof.com\/halisof-technologies\/\",\"url\":\"https:\/\/www.halisof.com\/halisof-technologies\/\",\"name\":\"Halisof\u00a0Technologies Fr - Halisof\",\"isPartOf\":{\"@id\":\"https:\/\/www.halisof.com\/#website\"},\"primaryImageOfPage\":{\"@id\":\"https:\/\/www.halisof.com\/halisof-technologies\/#primaryimage\"},\"image\":{\"@id\":\"https:\/\/www.halisof.com\/halisof-technologies\/#primaryimage\"},\"thumbnailUrl\":\"https:\/\/www.halisof.com\/wp-content\/uploads\/2026\/01\/WhatsApp-Image-2026-01-07-at-4.20.47-PM-3.jpeg\",\"datePublished\":\"2023-10-10T12:18:09+00:00\",\"dateModified\":\"2026-01-07T15:37:16+00:00\",\"breadcrumb\":{\"@id\":\"https:\/\/www.halisof.com\/halisof-technologies\/#breadcrumb\"},\"inLanguage\":\"fr-FR\",\"potentialAction\":[{\"@type\":\"ReadAction\",\"target\":[\"https:\/\/www.halisof.com\/halisof-technologies\/\"]}]},{\"@type\":\"ImageObject\",\"inLanguage\":\"fr-FR\",\"@id\":\"https:\/\/www.halisof.com\/halisof-technologies\/#primaryimage\",\"url\":\"https:\/\/www.halisof.com\/wp-content\/uploads\/2026\/01\/WhatsApp-Image-2026-01-07-at-4.20.47-PM-3.jpeg\",\"contentUrl\":\"https:\/\/www.halisof.com\/wp-content\/uploads\/2026\/01\/WhatsApp-Image-2026-01-07-at-4.20.47-PM-3.jpeg\"},{\"@type\":\"BreadcrumbList\",\"@id\":\"https:\/\/www.halisof.com\/halisof-technologies\/#breadcrumb\",\"itemListElement\":[{\"@type\":\"ListItem\",\"position\":1,\"name\":\"Home\",\"item\":\"https:\/\/www.halisof.com\/\"},{\"@type\":\"ListItem\",\"position\":2,\"name\":\"Halisof\u00a0Technologies Fr\"}]},{\"@type\":\"WebSite\",\"@id\":\"https:\/\/www.halisof.com\/#website\",\"url\":\"https:\/\/www.halisof.com\/\",\"name\":\"Halisof\",\"description\":\"\",\"publisher\":{\"@id\":\"https:\/\/www.halisof.com\/#organization\"},\"potentialAction\":[{\"@type\":\"SearchAction\",\"target\":{\"@type\":\"EntryPoint\",\"urlTemplate\":\"https:\/\/www.halisof.com\/?s={search_term_string}\"},\"query-input\":{\"@type\":\"PropertyValueSpecification\",\"valueRequired\":true,\"valueName\":\"search_term_string\"}}],\"inLanguage\":\"fr-FR\"},{\"@type\":\"Organization\",\"@id\":\"https:\/\/www.halisof.com\/#organization\",\"name\":\"Halisof\",\"url\":\"https:\/\/www.halisof.com\/\",\"logo\":{\"@type\":\"ImageObject\",\"inLanguage\":\"fr-FR\",\"@id\":\"https:\/\/www.halisof.com\/#\/schema\/logo\/image\/\",\"url\":\"https:\/\/www.halisof.com\/wp-content\/uploads\/2023\/10\/logo-Haliso-fwhite.png\",\"contentUrl\":\"https:\/\/www.halisof.com\/wp-content\/uploads\/2023\/10\/logo-Haliso-fwhite.png\",\"width\":2302,\"height\":617,\"caption\":\"Halisof\"},\"image\":{\"@id\":\"https:\/\/www.halisof.com\/#\/schema\/logo\/image\/\"}}]}<\/script>\n<!-- \/ Yoast SEO plugin. -->","yoast_head_json":{"title":"Halisof\u00a0Technologies Fr - Halisof","robots":{"index":"index","follow":"follow","max-snippet":"max-snippet:-1","max-image-preview":"max-image-preview:large","max-video-preview":"max-video-preview:-1"},"canonical":"https:\/\/www.halisof.com\/halisof-technologies\/","og_locale":"fr_FR","og_type":"article","og_title":"Halisof\u00a0Technologies Fr - Halisof","og_description":"HALISOF TECHNOLOGIES Component 6 \u2013 4-svg L\u2019un des projets cl\u00e9s r\u00e9alis\u00e9s par Halisof shpk a \u00e9t\u00e9 la construction des installations de Halisof Technologies, comprenant une surface utile totale de 6 000 m\u00b2.Le d\u00e9veloppement se caract\u00e9rise par une fa\u00e7ade moderne avec un syst\u00e8me de rev\u00eatement, des panneaux sandwich doubles avec briques thermiques, des sols en r\u00e9sine, [&hellip;]","og_url":"https:\/\/www.halisof.com\/halisof-technologies\/","og_site_name":"Halisof","article_modified_time":"2026-01-07T15:37:16+00:00","og_image":[{"url":"https:\/\/www.halisof.com\/wp-content\/uploads\/2026\/01\/WhatsApp-Image-2026-01-07-at-4.20.47-PM-3.jpeg","type":"","width":"","height":""}],"twitter_card":"summary_large_image","twitter_misc":{"Dur\u00e9e de lecture estim\u00e9e":"2 minutes"},"schema":{"@context":"https:\/\/schema.org","@graph":[{"@type":"WebPage","@id":"https:\/\/www.halisof.com\/halisof-technologies\/","url":"https:\/\/www.halisof.com\/halisof-technologies\/","name":"Halisof\u00a0Technologies Fr - Halisof","isPartOf":{"@id":"https:\/\/www.halisof.com\/#website"},"primaryImageOfPage":{"@id":"https:\/\/www.halisof.com\/halisof-technologies\/#primaryimage"},"image":{"@id":"https:\/\/www.halisof.com\/halisof-technologies\/#primaryimage"},"thumbnailUrl":"https:\/\/www.halisof.com\/wp-content\/uploads\/2026\/01\/WhatsApp-Image-2026-01-07-at-4.20.47-PM-3.jpeg","datePublished":"2023-10-10T12:18:09+00:00","dateModified":"2026-01-07T15:37:16+00:00","breadcrumb":{"@id":"https:\/\/www.halisof.com\/halisof-technologies\/#breadcrumb"},"inLanguage":"fr-FR","potentialAction":[{"@type":"ReadAction","target":["https:\/\/www.halisof.com\/halisof-technologies\/"]}]},{"@type":"ImageObject","inLanguage":"fr-FR","@id":"https:\/\/www.halisof.com\/halisof-technologies\/#primaryimage","url":"https:\/\/www.halisof.com\/wp-content\/uploads\/2026\/01\/WhatsApp-Image-2026-01-07-at-4.20.47-PM-3.jpeg","contentUrl":"https:\/\/www.halisof.com\/wp-content\/uploads\/2026\/01\/WhatsApp-Image-2026-01-07-at-4.20.47-PM-3.jpeg"},{"@type":"BreadcrumbList","@id":"https:\/\/www.halisof.com\/halisof-technologies\/#breadcrumb","itemListElement":[{"@type":"ListItem","position":1,"name":"Home","item":"https:\/\/www.halisof.com\/"},{"@type":"ListItem","position":2,"name":"Halisof\u00a0Technologies Fr"}]},{"@type":"WebSite","@id":"https:\/\/www.halisof.com\/#website","url":"https:\/\/www.halisof.com\/","name":"Halisof","description":"","publisher":{"@id":"https:\/\/www.halisof.com\/#organization"},"potentialAction":[{"@type":"SearchAction","target":{"@type":"EntryPoint","urlTemplate":"https:\/\/www.halisof.com\/?s={search_term_string}"},"query-input":{"@type":"PropertyValueSpecification","valueRequired":true,"valueName":"search_term_string"}}],"inLanguage":"fr-FR"},{"@type":"Organization","@id":"https:\/\/www.halisof.com\/#organization","name":"Halisof","url":"https:\/\/www.halisof.com\/","logo":{"@type":"ImageObject","inLanguage":"fr-FR","@id":"https:\/\/www.halisof.com\/#\/schema\/logo\/image\/","url":"https:\/\/www.halisof.com\/wp-content\/uploads\/2023\/10\/logo-Haliso-fwhite.png","contentUrl":"https:\/\/www.halisof.com\/wp-content\/uploads\/2023\/10\/logo-Haliso-fwhite.png","width":2302,"height":617,"caption":"Halisof"},"image":{"@id":"https:\/\/www.halisof.com\/#\/schema\/logo\/image\/"}}]}},"_links":{"self":[{"href":"https:\/\/www.halisof.com\/fr\/wp-json\/wp\/v2\/pages\/1560","targetHints":{"allow":["GET"]}}],"collection":[{"href":"https:\/\/www.halisof.com\/fr\/wp-json\/wp\/v2\/pages"}],"about":[{"href":"https:\/\/www.halisof.com\/fr\/wp-json\/wp\/v2\/types\/page"}],"author":[{"embeddable":true,"href":"https:\/\/www.halisof.com\/fr\/wp-json\/wp\/v2\/users\/1"}],"replies":[{"embeddable":true,"href":"https:\/\/www.halisof.com\/fr\/wp-json\/wp\/v2\/comments?post=1560"}],"version-history":[{"count":7,"href":"https:\/\/www.halisof.com\/fr\/wp-json\/wp\/v2\/pages\/1560\/revisions"}],"predecessor-version":[{"id":1802,"href":"https:\/\/www.halisof.com\/fr\/wp-json\/wp\/v2\/pages\/1560\/revisions\/1802"}],"wp:attachment":[{"href":"https:\/\/www.halisof.com\/fr\/wp-json\/wp\/v2\/media?parent=1560"}],"curies":[{"name":"wp","href":"https:\/\/api.w.org\/{rel}","templated":true}]}}