{"id":1602,"date":"2023-10-18T15:28:26","date_gmt":"2023-10-18T15:28:26","guid":{"rendered":"https:\/\/www.halisof.com\/?page_id=1602"},"modified":"2025-10-06T14:58:53","modified_gmt":"2025-10-06T14:58:53","slug":"villa-riko","status":"publish","type":"page","link":"https:\/\/www.halisof.com\/fr\/villa-riko\/","title":{"rendered":"Villa Riko"},"content":{"rendered":"\t\t<div data-elementor-type=\"wp-page\" data-elementor-id=\"1602\" class=\"elementor elementor-1602 elementor-754\" data-elementor-post-type=\"page\">\n\t\t\t\t<div class=\"elementor-element elementor-element-8feca8a e-con-full e-flex e-con e-parent\" data-id=\"8feca8a\" data-element_type=\"container\" data-settings=\"{&quot;background_background&quot;:&quot;classic&quot;}\">\n\t\t\t\t<div class=\"elementor-element elementor-element-15bacbc elementor-widget elementor-widget-heading\" data-id=\"15bacbc\" data-element_type=\"widget\" data-widget_type=\"heading.default\">\n\t\t\t\t<div class=\"elementor-widget-container\">\n\t\t\t\t\t<h2 class=\"elementor-heading-title elementor-size-default\">VILLA RIKO<\/h2>\t\t\t\t<\/div>\n\t\t\t\t<\/div>\n\t\t\t\t<\/div>\n\t\t<div class=\"elementor-element elementor-element-fe5d48d e-con-full single-project e-flex e-con e-parent\" data-id=\"fe5d48d\" data-element_type=\"container\">\n\t\t<div class=\"elementor-element elementor-element-2db5cca e-con-full e-flex e-con e-child\" data-id=\"2db5cca\" data-element_type=\"container\">\n\t\t\t\t<div class=\"elementor-element elementor-element-7c1ec55 elementor-arrows-position-inside elementor-widget elementor-widget-image-carousel\" data-id=\"7c1ec55\" data-element_type=\"widget\" data-settings=\"{&quot;slides_to_show&quot;:&quot;1&quot;,&quot;navigation&quot;:&quot;arrows&quot;,&quot;autoplay&quot;:&quot;yes&quot;,&quot;pause_on_hover&quot;:&quot;yes&quot;,&quot;pause_on_interaction&quot;:&quot;yes&quot;,&quot;autoplay_speed&quot;:5000,&quot;infinite&quot;:&quot;yes&quot;,&quot;effect&quot;:&quot;slide&quot;,&quot;speed&quot;:500}\" data-widget_type=\"image-carousel.default\">\n\t\t\t\t<div class=\"elementor-widget-container\">\n\t\t\t\t\t\t\t<div class=\"elementor-image-carousel-wrapper swiper\" role=\"region\" aria-roledescription=\"carousel\" aria-label=\"Image Carousel\" dir=\"ltr\">\n\t\t\t<div class=\"elementor-image-carousel swiper-wrapper swiper-image-stretch\" aria-live=\"off\">\n\t\t\t\t\t\t\t\t<div class=\"swiper-slide\" role=\"group\" aria-roledescription=\"slide\" aria-label=\"1 sur 8\"><figure class=\"swiper-slide-inner\"><img decoding=\"async\" class=\"swiper-slide-image\" src=\"https:\/\/www.halisof.com\/wp-content\/uploads\/2023\/10\/IMG_0851.jpg\" alt=\"IMG_0851\" \/><\/figure><\/div><div class=\"swiper-slide\" role=\"group\" aria-roledescription=\"slide\" aria-label=\"2 sur 8\"><figure class=\"swiper-slide-inner\"><img decoding=\"async\" class=\"swiper-slide-image\" src=\"https:\/\/www.halisof.com\/wp-content\/uploads\/2023\/10\/IMG_0853.jpg\" alt=\"IMG_0853\" \/><\/figure><\/div><div class=\"swiper-slide\" role=\"group\" aria-roledescription=\"slide\" aria-label=\"3 sur 8\"><figure class=\"swiper-slide-inner\"><img decoding=\"async\" class=\"swiper-slide-image\" src=\"https:\/\/www.halisof.com\/wp-content\/uploads\/2023\/10\/IMG_0854.jpg\" alt=\"IMG_0854\" \/><\/figure><\/div><div class=\"swiper-slide\" role=\"group\" aria-roledescription=\"slide\" aria-label=\"4 sur 8\"><figure class=\"swiper-slide-inner\"><img decoding=\"async\" class=\"swiper-slide-image\" src=\"https:\/\/www.halisof.com\/wp-content\/uploads\/2023\/10\/IMG_0855.jpg\" alt=\"IMG_0855\" \/><\/figure><\/div><div class=\"swiper-slide\" role=\"group\" aria-roledescription=\"slide\" aria-label=\"5 sur 8\"><figure class=\"swiper-slide-inner\"><img decoding=\"async\" class=\"swiper-slide-image\" src=\"https:\/\/www.halisof.com\/wp-content\/uploads\/2023\/10\/IMG_0856.jpg\" alt=\"IMG_0856\" \/><\/figure><\/div><div class=\"swiper-slide\" role=\"group\" aria-roledescription=\"slide\" aria-label=\"6 sur 8\"><figure class=\"swiper-slide-inner\"><img decoding=\"async\" class=\"swiper-slide-image\" src=\"https:\/\/www.halisof.com\/wp-content\/uploads\/2023\/10\/IMG_0849.jpg\" alt=\"IMG_0849\" \/><\/figure><\/div><div class=\"swiper-slide\" role=\"group\" aria-roledescription=\"slide\" aria-label=\"7 sur 8\"><figure class=\"swiper-slide-inner\"><img decoding=\"async\" class=\"swiper-slide-image\" src=\"https:\/\/www.halisof.com\/wp-content\/uploads\/2023\/10\/IMG_0850.jpg\" alt=\"IMG_0850\" \/><\/figure><\/div><div class=\"swiper-slide\" role=\"group\" aria-roledescription=\"slide\" aria-label=\"8 sur 8\"><figure class=\"swiper-slide-inner\"><img decoding=\"async\" class=\"swiper-slide-image\" src=\"https:\/\/www.halisof.com\/wp-content\/uploads\/2023\/10\/IMG_0852.jpg\" alt=\"IMG_0852\" \/><\/figure><\/div>\t\t\t<\/div>\n\t\t\t\t\t\t\t\t\t\t\t\t<div class=\"elementor-swiper-button elementor-swiper-button-prev\" role=\"button\" tabindex=\"0\">\n\t\t\t\t\t\t<svg xmlns=\"http:\/\/www.w3.org\/2000\/svg\" viewBox=\"0 0 44 44\" width=\"44\" height=\"44\"><title>Component 6 \u2013 4-svg<\/title><style>\t\t.s0 { fill: none } \t\t.s1 { fill: none;stroke: #ffffff;stroke-width: 1.5 } \t<\/style><g id=\"Ellipse_1\"><path id=\"Layer\" class=\"s0\" d=\"m22 0c12.2 0 22 9.8 22 22 0 12.2-9.8 22-22 22-12.2 0-22-9.8-22-22 0-12.2 9.8-22 22-22z\"><\/path><path id=\"Layer\" class=\"s1\" d=\"m22 0.8c11.8-0.1 21.3 9.4 21.3 21.2-0.1 11.8-9.5 21.3-21.3 21.3-11.8-0.1-21.3-9.5-21.3-21.3 0.1-11.8 9.5-21.3 21.3-21.3z\"><\/path><\/g><path id=\"Path_82\" class=\"s1\" d=\"m24.3 31.1l-8.8-8.8 8.8-8.7\"><\/path><\/svg>\t\t\t\t\t<\/div>\n\t\t\t\t\t<div class=\"elementor-swiper-button elementor-swiper-button-next\" role=\"button\" tabindex=\"0\">\n\t\t\t\t\t\t<svg xmlns=\"http:\/\/www.w3.org\/2000\/svg\" id=\"Component_6_4\" data-name=\"Component 6 &#x2013; 4\" width=\"44\" height=\"44\" viewBox=\"0 0 44 44\"><g id=\"Ellipse_1\" data-name=\"Ellipse 1\" fill=\"none\" stroke=\"#fff\" stroke-width=\"1.5\"><circle cx=\"22\" cy=\"22\" r=\"22\" stroke=\"none\"><\/circle><circle cx=\"22\" cy=\"22\" r=\"21.25\" fill=\"none\"><\/circle><\/g><path id=\"Path_82\" data-name=\"Path 82\" d=\"M3414,3500.023l8.783,8.783L3414,3517.59\" transform=\"translate(-3394.314 -3487.152)\" fill=\"none\" stroke=\"#fff\" stroke-width=\"1.5\"><\/path><\/svg>\t\t\t\t\t<\/div>\n\t\t\t\t\n\t\t\t\t\t\t\t\t\t<\/div>\n\t\t\t\t\t\t<\/div>\n\t\t\t\t<\/div>\n\t\t\t\t<\/div>\n\t\t<div class=\"elementor-element elementor-element-0afa5eb e-con-full e-flex e-con e-child\" data-id=\"0afa5eb\" data-element_type=\"container\" data-settings=\"{&quot;background_background&quot;:&quot;classic&quot;}\">\n\t\t\t\t<div class=\"elementor-element elementor-element-48ab5a7 elementor-widget elementor-widget-text-editor\" data-id=\"48ab5a7\" data-element_type=\"widget\" data-widget_type=\"text-editor.default\">\n\t\t\t\t<div class=\"elementor-widget-container\">\n\t\t\t\t\t\t\t\t\t<p>La villa est con\u00e7ue pour offrir un environnement luxueux et confortable.<br \/>Les espaces int\u00e9rieurs sont vastes et lumineux, avec de grandes baies vitr\u00e9es offrant des vues panoramiques sur les collines environnantes.<br \/>L\u2019utilisation du bois comme mat\u00e9riau principal cr\u00e9e une atmosph\u00e8re chaleureuse et harmonieuse, s\u2019int\u00e9grant parfaitement au cadre naturel.<br \/><br \/>L\u2019une des caract\u00e9ristiques distinctives de cette villa est la pr\u00e9sence d\u2019une piscine, qui ajoute une touche de luxe et de d\u00e9tente \u00e0 l\u2019ensemble de la propri\u00e9t\u00e9.<br \/>La villa est \u00e9quip\u00e9e de toutes les commodit\u00e9s modernes, notamment des syst\u00e8mes de chauffage et de climatisation performants, des syst\u00e8mes de s\u00e9curit\u00e9 avanc\u00e9s et des technologies de domotique permettant un contr\u00f4le intelligent de l\u2019environnement.<br \/>Chaque d\u00e9tail a \u00e9t\u00e9 soigneusement \u00e9tudi\u00e9 afin de garantir un confort maximal et une qualit\u00e9 de vie optimale.<\/p>\t\t\t\t\t\t\t\t<\/div>\n\t\t\t\t<\/div>\n\t\t\t\t<\/div>\n\t\t\t\t<\/div>\n\t\t\t\t<\/div>\n\t\t","protected":false},"excerpt":{"rendered":"<p>VILLA RIKO Component 6 \u2013 4-svg La villa est con\u00e7ue pour offrir un environnement luxueux et confortable.Les espaces int\u00e9rieurs sont vastes et lumineux, avec de grandes baies vitr\u00e9es offrant des vues panoramiques sur les collines environnantes.L\u2019utilisation du bois comme mat\u00e9riau principal cr\u00e9e une atmosph\u00e8re chaleureuse et harmonieuse, s\u2019int\u00e9grant parfaitement au cadre naturel. L\u2019une des caract\u00e9ristiques [&hellip;]<\/p>\n","protected":false},"author":1,"featured_media":0,"parent":0,"menu_order":0,"comment_status":"closed","ping_status":"closed","template":"","meta":{"footnotes":""},"class_list":["post-1602","page","type-page","status-publish","hentry"],"yoast_head":"<!-- This site is optimized with the Yoast SEO plugin v25.5 - https:\/\/yoast.com\/wordpress\/plugins\/seo\/ -->\n<title>Villa Riko - Halisof<\/title>\n<meta name=\"robots\" content=\"index, follow, max-snippet:-1, max-image-preview:large, max-video-preview:-1\" \/>\n<link rel=\"canonical\" href=\"https:\/\/www.halisof.com\/fr\/villa-riko\/\" \/>\n<meta property=\"og:locale\" content=\"fr_FR\" \/>\n<meta property=\"og:type\" content=\"article\" \/>\n<meta property=\"og:title\" content=\"Villa Riko - Halisof\" \/>\n<meta property=\"og:description\" content=\"VILLA RIKO Component 6 \u2013 4-svg La villa est con\u00e7ue pour offrir un environnement luxueux et confortable.Les espaces int\u00e9rieurs sont vastes et lumineux, avec de grandes baies vitr\u00e9es offrant des vues panoramiques sur les collines environnantes.L\u2019utilisation du bois comme mat\u00e9riau principal cr\u00e9e une atmosph\u00e8re chaleureuse et harmonieuse, s\u2019int\u00e9grant parfaitement au cadre naturel. L\u2019une des caract\u00e9ristiques [&hellip;]\" \/>\n<meta property=\"og:url\" content=\"https:\/\/www.halisof.com\/fr\/villa-riko\/\" \/>\n<meta property=\"og:site_name\" content=\"Halisof\" \/>\n<meta property=\"article:modified_time\" content=\"2025-10-06T14:58:53+00:00\" \/>\n<meta property=\"og:image\" content=\"https:\/\/www.halisof.com\/wp-content\/uploads\/2023\/10\/IMG_0851.jpg\" \/>\n<meta name=\"twitter:card\" content=\"summary_large_image\" \/>\n<meta name=\"twitter:label1\" content=\"Dur\u00e9e de lecture estim\u00e9e\" \/>\n\t<meta name=\"twitter:data1\" content=\"3 minutes\" \/>\n<script type=\"application\/ld+json\" class=\"yoast-schema-graph\">{\"@context\":\"https:\/\/schema.org\",\"@graph\":[{\"@type\":\"WebPage\",\"@id\":\"https:\/\/www.halisof.com\/fr\/villa-riko\/\",\"url\":\"https:\/\/www.halisof.com\/fr\/villa-riko\/\",\"name\":\"Villa Riko - Halisof\",\"isPartOf\":{\"@id\":\"https:\/\/www.halisof.com\/#website\"},\"primaryImageOfPage\":{\"@id\":\"https:\/\/www.halisof.com\/fr\/villa-riko\/#primaryimage\"},\"image\":{\"@id\":\"https:\/\/www.halisof.com\/fr\/villa-riko\/#primaryimage\"},\"thumbnailUrl\":\"https:\/\/www.halisof.com\/wp-content\/uploads\/2023\/10\/IMG_0851.jpg\",\"datePublished\":\"2023-10-18T15:28:26+00:00\",\"dateModified\":\"2025-10-06T14:58:53+00:00\",\"breadcrumb\":{\"@id\":\"https:\/\/www.halisof.com\/fr\/villa-riko\/#breadcrumb\"},\"inLanguage\":\"fr-FR\",\"potentialAction\":[{\"@type\":\"ReadAction\",\"target\":[\"https:\/\/www.halisof.com\/fr\/villa-riko\/\"]}]},{\"@type\":\"ImageObject\",\"inLanguage\":\"fr-FR\",\"@id\":\"https:\/\/www.halisof.com\/fr\/villa-riko\/#primaryimage\",\"url\":\"https:\/\/www.halisof.com\/wp-content\/uploads\/2023\/10\/IMG_0851.jpg\",\"contentUrl\":\"https:\/\/www.halisof.com\/wp-content\/uploads\/2023\/10\/IMG_0851.jpg\"},{\"@type\":\"BreadcrumbList\",\"@id\":\"https:\/\/www.halisof.com\/fr\/villa-riko\/#breadcrumb\",\"itemListElement\":[{\"@type\":\"ListItem\",\"position\":1,\"name\":\"Home\",\"item\":\"https:\/\/www.halisof.com\/\"},{\"@type\":\"ListItem\",\"position\":2,\"name\":\"Villa Riko\"}]},{\"@type\":\"WebSite\",\"@id\":\"https:\/\/www.halisof.com\/#website\",\"url\":\"https:\/\/www.halisof.com\/\",\"name\":\"Halisof\",\"description\":\"\",\"publisher\":{\"@id\":\"https:\/\/www.halisof.com\/#organization\"},\"potentialAction\":[{\"@type\":\"SearchAction\",\"target\":{\"@type\":\"EntryPoint\",\"urlTemplate\":\"https:\/\/www.halisof.com\/?s={search_term_string}\"},\"query-input\":{\"@type\":\"PropertyValueSpecification\",\"valueRequired\":true,\"valueName\":\"search_term_string\"}}],\"inLanguage\":\"fr-FR\"},{\"@type\":\"Organization\",\"@id\":\"https:\/\/www.halisof.com\/#organization\",\"name\":\"Halisof\",\"url\":\"https:\/\/www.halisof.com\/\",\"logo\":{\"@type\":\"ImageObject\",\"inLanguage\":\"fr-FR\",\"@id\":\"https:\/\/www.halisof.com\/#\/schema\/logo\/image\/\",\"url\":\"https:\/\/www.halisof.com\/wp-content\/uploads\/2023\/10\/logo-Haliso-fwhite.png\",\"contentUrl\":\"https:\/\/www.halisof.com\/wp-content\/uploads\/2023\/10\/logo-Haliso-fwhite.png\",\"width\":2302,\"height\":617,\"caption\":\"Halisof\"},\"image\":{\"@id\":\"https:\/\/www.halisof.com\/#\/schema\/logo\/image\/\"}}]}<\/script>\n<!-- \/ Yoast SEO plugin. -->","yoast_head_json":{"title":"Villa Riko - Halisof","robots":{"index":"index","follow":"follow","max-snippet":"max-snippet:-1","max-image-preview":"max-image-preview:large","max-video-preview":"max-video-preview:-1"},"canonical":"https:\/\/www.halisof.com\/fr\/villa-riko\/","og_locale":"fr_FR","og_type":"article","og_title":"Villa Riko - Halisof","og_description":"VILLA RIKO Component 6 \u2013 4-svg La villa est con\u00e7ue pour offrir un environnement luxueux et confortable.Les espaces int\u00e9rieurs sont vastes et lumineux, avec de grandes baies vitr\u00e9es offrant des vues panoramiques sur les collines environnantes.L\u2019utilisation du bois comme mat\u00e9riau principal cr\u00e9e une atmosph\u00e8re chaleureuse et harmonieuse, s\u2019int\u00e9grant parfaitement au cadre naturel. L\u2019une des caract\u00e9ristiques [&hellip;]","og_url":"https:\/\/www.halisof.com\/fr\/villa-riko\/","og_site_name":"Halisof","article_modified_time":"2025-10-06T14:58:53+00:00","og_image":[{"url":"https:\/\/www.halisof.com\/wp-content\/uploads\/2023\/10\/IMG_0851.jpg","type":"","width":"","height":""}],"twitter_card":"summary_large_image","twitter_misc":{"Dur\u00e9e de lecture estim\u00e9e":"3 minutes"},"schema":{"@context":"https:\/\/schema.org","@graph":[{"@type":"WebPage","@id":"https:\/\/www.halisof.com\/fr\/villa-riko\/","url":"https:\/\/www.halisof.com\/fr\/villa-riko\/","name":"Villa Riko - Halisof","isPartOf":{"@id":"https:\/\/www.halisof.com\/#website"},"primaryImageOfPage":{"@id":"https:\/\/www.halisof.com\/fr\/villa-riko\/#primaryimage"},"image":{"@id":"https:\/\/www.halisof.com\/fr\/villa-riko\/#primaryimage"},"thumbnailUrl":"https:\/\/www.halisof.com\/wp-content\/uploads\/2023\/10\/IMG_0851.jpg","datePublished":"2023-10-18T15:28:26+00:00","dateModified":"2025-10-06T14:58:53+00:00","breadcrumb":{"@id":"https:\/\/www.halisof.com\/fr\/villa-riko\/#breadcrumb"},"inLanguage":"fr-FR","potentialAction":[{"@type":"ReadAction","target":["https:\/\/www.halisof.com\/fr\/villa-riko\/"]}]},{"@type":"ImageObject","inLanguage":"fr-FR","@id":"https:\/\/www.halisof.com\/fr\/villa-riko\/#primaryimage","url":"https:\/\/www.halisof.com\/wp-content\/uploads\/2023\/10\/IMG_0851.jpg","contentUrl":"https:\/\/www.halisof.com\/wp-content\/uploads\/2023\/10\/IMG_0851.jpg"},{"@type":"BreadcrumbList","@id":"https:\/\/www.halisof.com\/fr\/villa-riko\/#breadcrumb","itemListElement":[{"@type":"ListItem","position":1,"name":"Home","item":"https:\/\/www.halisof.com\/"},{"@type":"ListItem","position":2,"name":"Villa Riko"}]},{"@type":"WebSite","@id":"https:\/\/www.halisof.com\/#website","url":"https:\/\/www.halisof.com\/","name":"Halisof","description":"","publisher":{"@id":"https:\/\/www.halisof.com\/#organization"},"potentialAction":[{"@type":"SearchAction","target":{"@type":"EntryPoint","urlTemplate":"https:\/\/www.halisof.com\/?s={search_term_string}"},"query-input":{"@type":"PropertyValueSpecification","valueRequired":true,"valueName":"search_term_string"}}],"inLanguage":"fr-FR"},{"@type":"Organization","@id":"https:\/\/www.halisof.com\/#organization","name":"Halisof","url":"https:\/\/www.halisof.com\/","logo":{"@type":"ImageObject","inLanguage":"fr-FR","@id":"https:\/\/www.halisof.com\/#\/schema\/logo\/image\/","url":"https:\/\/www.halisof.com\/wp-content\/uploads\/2023\/10\/logo-Haliso-fwhite.png","contentUrl":"https:\/\/www.halisof.com\/wp-content\/uploads\/2023\/10\/logo-Haliso-fwhite.png","width":2302,"height":617,"caption":"Halisof"},"image":{"@id":"https:\/\/www.halisof.com\/#\/schema\/logo\/image\/"}}]}},"_links":{"self":[{"href":"https:\/\/www.halisof.com\/fr\/wp-json\/wp\/v2\/pages\/1602","targetHints":{"allow":["GET"]}}],"collection":[{"href":"https:\/\/www.halisof.com\/fr\/wp-json\/wp\/v2\/pages"}],"about":[{"href":"https:\/\/www.halisof.com\/fr\/wp-json\/wp\/v2\/types\/page"}],"author":[{"embeddable":true,"href":"https:\/\/www.halisof.com\/fr\/wp-json\/wp\/v2\/users\/1"}],"replies":[{"embeddable":true,"href":"https:\/\/www.halisof.com\/fr\/wp-json\/wp\/v2\/comments?post=1602"}],"version-history":[{"count":7,"href":"https:\/\/www.halisof.com\/fr\/wp-json\/wp\/v2\/pages\/1602\/revisions"}],"predecessor-version":[{"id":1615,"href":"https:\/\/www.halisof.com\/fr\/wp-json\/wp\/v2\/pages\/1602\/revisions\/1615"}],"wp:attachment":[{"href":"https:\/\/www.halisof.com\/fr\/wp-json\/wp\/v2\/media?parent=1602"}],"curies":[{"name":"wp","href":"https:\/\/api.w.org\/{rel}","templated":true}]}}