{"id":1617,"date":"2023-10-18T15:34:18","date_gmt":"2023-10-18T15:34:18","guid":{"rendered":"https:\/\/www.halisof.com\/?page_id=1617"},"modified":"2025-10-06T15:03:18","modified_gmt":"2025-10-06T15:03:18","slug":"residence-quatro-castella","status":"publish","type":"page","link":"https:\/\/www.halisof.com\/fr\/residence-quatro-castella\/","title":{"rendered":"Residence Quatro Castella"},"content":{"rendered":"\t\t<div data-elementor-type=\"wp-page\" data-elementor-id=\"1617\" class=\"elementor elementor-1617 elementor-774\" data-elementor-post-type=\"page\">\n\t\t\t\t<div class=\"elementor-element elementor-element-acf68bf e-con-full e-flex e-con e-parent\" data-id=\"acf68bf\" data-element_type=\"container\" data-settings=\"{&quot;background_background&quot;:&quot;classic&quot;}\">\n\t\t\t\t<div class=\"elementor-element elementor-element-cadea2b elementor-widget elementor-widget-heading\" data-id=\"cadea2b\" data-element_type=\"widget\" data-widget_type=\"heading.default\">\n\t\t\t\t<div class=\"elementor-widget-container\">\n\t\t\t\t\t<h2 class=\"elementor-heading-title elementor-size-default\">R\u00c9SIDENCE QUATTRO CASTELLA<\/h2>\t\t\t\t<\/div>\n\t\t\t\t<\/div>\n\t\t\t\t<\/div>\n\t\t<div class=\"elementor-element elementor-element-badbb27 e-con-full single-project e-flex e-con e-parent\" data-id=\"badbb27\" data-element_type=\"container\">\n\t\t<div class=\"elementor-element elementor-element-da55c85 e-con-full e-flex e-con e-child\" data-id=\"da55c85\" data-element_type=\"container\">\n\t\t\t\t<div class=\"elementor-element elementor-element-b6eaf5a elementor-arrows-position-inside elementor-widget elementor-widget-image-carousel\" data-id=\"b6eaf5a\" data-element_type=\"widget\" data-settings=\"{&quot;slides_to_show&quot;:&quot;1&quot;,&quot;navigation&quot;:&quot;arrows&quot;,&quot;autoplay&quot;:&quot;yes&quot;,&quot;pause_on_hover&quot;:&quot;yes&quot;,&quot;pause_on_interaction&quot;:&quot;yes&quot;,&quot;autoplay_speed&quot;:5000,&quot;infinite&quot;:&quot;yes&quot;,&quot;effect&quot;:&quot;slide&quot;,&quot;speed&quot;:500}\" data-widget_type=\"image-carousel.default\">\n\t\t\t\t<div class=\"elementor-widget-container\">\n\t\t\t\t\t\t\t<div class=\"elementor-image-carousel-wrapper swiper\" role=\"region\" aria-roledescription=\"carousel\" aria-label=\"Image Carousel\" dir=\"ltr\">\n\t\t\t<div class=\"elementor-image-carousel swiper-wrapper swiper-image-stretch\" aria-live=\"off\">\n\t\t\t\t\t\t\t\t<div class=\"swiper-slide\" role=\"group\" aria-roledescription=\"slide\" aria-label=\"1 sur 6\"><figure class=\"swiper-slide-inner\"><img decoding=\"async\" class=\"swiper-slide-image\" src=\"https:\/\/www.halisof.com\/wp-content\/uploads\/2023\/10\/IMG_0863.jpg\" alt=\"IMG_0863\" \/><\/figure><\/div><div class=\"swiper-slide\" role=\"group\" aria-roledescription=\"slide\" aria-label=\"2 sur 6\"><figure class=\"swiper-slide-inner\"><img decoding=\"async\" class=\"swiper-slide-image\" src=\"https:\/\/www.halisof.com\/wp-content\/uploads\/2023\/10\/IMG_0857.jpg\" alt=\"IMG_0857\" \/><\/figure><\/div><div class=\"swiper-slide\" role=\"group\" aria-roledescription=\"slide\" aria-label=\"3 sur 6\"><figure class=\"swiper-slide-inner\"><img decoding=\"async\" class=\"swiper-slide-image\" src=\"https:\/\/www.halisof.com\/wp-content\/uploads\/2023\/10\/IMG_0861.jpg\" alt=\"IMG_0861\" \/><\/figure><\/div><div class=\"swiper-slide\" role=\"group\" aria-roledescription=\"slide\" aria-label=\"4 sur 6\"><figure class=\"swiper-slide-inner\"><img decoding=\"async\" class=\"swiper-slide-image\" src=\"https:\/\/www.halisof.com\/wp-content\/uploads\/2023\/10\/IMG_0862.jpg\" alt=\"IMG_0862\" \/><\/figure><\/div><div class=\"swiper-slide\" role=\"group\" aria-roledescription=\"slide\" aria-label=\"5 sur 6\"><figure class=\"swiper-slide-inner\"><img decoding=\"async\" class=\"swiper-slide-image\" src=\"https:\/\/www.halisof.com\/wp-content\/uploads\/2023\/10\/IMG_0864.jpg\" alt=\"IMG_0864\" \/><\/figure><\/div><div class=\"swiper-slide\" role=\"group\" aria-roledescription=\"slide\" aria-label=\"6 sur 6\"><figure class=\"swiper-slide-inner\"><img decoding=\"async\" class=\"swiper-slide-image\" src=\"https:\/\/www.halisof.com\/wp-content\/uploads\/2023\/10\/IMG_0865.jpg\" alt=\"IMG_0865\" \/><\/figure><\/div>\t\t\t<\/div>\n\t\t\t\t\t\t\t\t\t\t\t\t<div class=\"elementor-swiper-button elementor-swiper-button-prev\" role=\"button\" tabindex=\"0\">\n\t\t\t\t\t\t<svg xmlns=\"http:\/\/www.w3.org\/2000\/svg\" viewBox=\"0 0 44 44\" width=\"44\" height=\"44\"><title>Component 6 \u2013 4-svg<\/title><style>\t\t.s0 { fill: none } \t\t.s1 { fill: none;stroke: #ffffff;stroke-width: 1.5 } \t<\/style><g id=\"Ellipse_1\"><path id=\"Layer\" class=\"s0\" d=\"m22 0c12.2 0 22 9.8 22 22 0 12.2-9.8 22-22 22-12.2 0-22-9.8-22-22 0-12.2 9.8-22 22-22z\"><\/path><path id=\"Layer\" class=\"s1\" d=\"m22 0.8c11.8-0.1 21.3 9.4 21.3 21.2-0.1 11.8-9.5 21.3-21.3 21.3-11.8-0.1-21.3-9.5-21.3-21.3 0.1-11.8 9.5-21.3 21.3-21.3z\"><\/path><\/g><path id=\"Path_82\" class=\"s1\" d=\"m24.3 31.1l-8.8-8.8 8.8-8.7\"><\/path><\/svg>\t\t\t\t\t<\/div>\n\t\t\t\t\t<div class=\"elementor-swiper-button elementor-swiper-button-next\" role=\"button\" tabindex=\"0\">\n\t\t\t\t\t\t<svg xmlns=\"http:\/\/www.w3.org\/2000\/svg\" id=\"Component_6_4\" data-name=\"Component 6 &#x2013; 4\" width=\"44\" height=\"44\" viewBox=\"0 0 44 44\"><g id=\"Ellipse_1\" data-name=\"Ellipse 1\" fill=\"none\" stroke=\"#fff\" stroke-width=\"1.5\"><circle cx=\"22\" cy=\"22\" r=\"22\" stroke=\"none\"><\/circle><circle cx=\"22\" cy=\"22\" r=\"21.25\" fill=\"none\"><\/circle><\/g><path id=\"Path_82\" data-name=\"Path 82\" d=\"M3414,3500.023l8.783,8.783L3414,3517.59\" transform=\"translate(-3394.314 -3487.152)\" fill=\"none\" stroke=\"#fff\" stroke-width=\"1.5\"><\/path><\/svg>\t\t\t\t\t<\/div>\n\t\t\t\t\n\t\t\t\t\t\t\t\t\t<\/div>\n\t\t\t\t\t\t<\/div>\n\t\t\t\t<\/div>\n\t\t\t\t<\/div>\n\t\t<div class=\"elementor-element elementor-element-6dfb780 e-con-full e-flex e-con e-child\" data-id=\"6dfb780\" data-element_type=\"container\" data-settings=\"{&quot;background_background&quot;:&quot;classic&quot;}\">\n\t\t\t\t<div class=\"elementor-element elementor-element-c0080c3 elementor-widget elementor-widget-text-editor\" data-id=\"c0080c3\" data-element_type=\"widget\" data-widget_type=\"text-editor.default\">\n\t\t\t\t<div class=\"elementor-widget-container\">\n\t\t\t\t\t\t\t\t\t<p>La r\u00e9sidence sera con\u00e7ue et r\u00e9alis\u00e9e avec une attention particuli\u00e8re aux d\u00e9tails et \u00e0 la fonctionnalit\u00e9. <br \/>Chaque unit\u00e9 d\u2019habitation sera pens\u00e9e pour offrir des espaces de vie modernes et confortables, avec un accent particulier sur la r\u00e9partition des espaces et l\u2019optimisation de la lumi\u00e8re naturelle. Nous utiliserons des mat\u00e9riaux de haute qualit\u00e9 afin de garantir la durabilit\u00e9 et l\u2019\u00e9l\u00e9gance des structures. <br \/>La piscine constituera un point central de la r\u00e9sidence, offrant un lieu id\u00e9al de d\u00e9tente et de plaisir.<\/p>\t\t\t\t\t\t\t\t<\/div>\n\t\t\t\t<\/div>\n\t\t\t\t<\/div>\n\t\t\t\t<\/div>\n\t\t\t\t<\/div>\n\t\t","protected":false},"excerpt":{"rendered":"<p>R\u00c9SIDENCE QUATTRO CASTELLA Component 6 \u2013 4-svg La r\u00e9sidence sera con\u00e7ue et r\u00e9alis\u00e9e avec une attention particuli\u00e8re aux d\u00e9tails et \u00e0 la fonctionnalit\u00e9. Chaque unit\u00e9 d\u2019habitation sera pens\u00e9e pour offrir des espaces de vie modernes et confortables, avec un accent particulier sur la r\u00e9partition des espaces et l\u2019optimisation de la lumi\u00e8re naturelle. Nous utiliserons des [&hellip;]<\/p>\n","protected":false},"author":1,"featured_media":0,"parent":0,"menu_order":0,"comment_status":"closed","ping_status":"closed","template":"","meta":{"footnotes":""},"class_list":["post-1617","page","type-page","status-publish","hentry"],"yoast_head":"<!-- This site is optimized with the Yoast SEO plugin v25.5 - https:\/\/yoast.com\/wordpress\/plugins\/seo\/ -->\n<title>Residence Quatro Castella - Halisof<\/title>\n<meta name=\"robots\" content=\"index, follow, max-snippet:-1, max-image-preview:large, max-video-preview:-1\" \/>\n<link rel=\"canonical\" href=\"https:\/\/www.halisof.com\/en\/quatro-castella\/\" \/>\n<meta property=\"og:locale\" content=\"fr_FR\" \/>\n<meta property=\"og:type\" content=\"article\" \/>\n<meta property=\"og:title\" content=\"Residence Quatro Castella - Halisof\" \/>\n<meta property=\"og:description\" content=\"R\u00c9SIDENCE QUATTRO CASTELLA Component 6 \u2013 4-svg La r\u00e9sidence sera con\u00e7ue et r\u00e9alis\u00e9e avec une attention particuli\u00e8re aux d\u00e9tails et \u00e0 la fonctionnalit\u00e9. Chaque unit\u00e9 d\u2019habitation sera pens\u00e9e pour offrir des espaces de vie modernes et confortables, avec un accent particulier sur la r\u00e9partition des espaces et l\u2019optimisation de la lumi\u00e8re naturelle. Nous utiliserons des [&hellip;]\" \/>\n<meta property=\"og:url\" content=\"https:\/\/www.halisof.com\/en\/quatro-castella\/\" \/>\n<meta property=\"og:site_name\" content=\"Halisof\" \/>\n<meta property=\"article:modified_time\" content=\"2025-10-06T15:03:18+00:00\" \/>\n<meta property=\"og:image\" content=\"https:\/\/www.halisof.com\/wp-content\/uploads\/2023\/10\/IMG_0863.jpg\" \/>\n<meta name=\"twitter:card\" content=\"summary_large_image\" \/>\n<meta name=\"twitter:label1\" content=\"Dur\u00e9e de lecture estim\u00e9e\" \/>\n\t<meta name=\"twitter:data1\" content=\"3 minutes\" \/>\n<script type=\"application\/ld+json\" class=\"yoast-schema-graph\">{\"@context\":\"https:\/\/schema.org\",\"@graph\":[{\"@type\":\"WebPage\",\"@id\":\"https:\/\/www.halisof.com\/en\/quatro-castella\/\",\"url\":\"https:\/\/www.halisof.com\/en\/quatro-castella\/\",\"name\":\"Residence Quatro Castella - Halisof\",\"isPartOf\":{\"@id\":\"https:\/\/www.halisof.com\/#website\"},\"primaryImageOfPage\":{\"@id\":\"https:\/\/www.halisof.com\/en\/quatro-castella\/#primaryimage\"},\"image\":{\"@id\":\"https:\/\/www.halisof.com\/en\/quatro-castella\/#primaryimage\"},\"thumbnailUrl\":\"https:\/\/www.halisof.com\/wp-content\/uploads\/2023\/10\/IMG_0863.jpg\",\"datePublished\":\"2023-10-18T15:34:18+00:00\",\"dateModified\":\"2025-10-06T15:03:18+00:00\",\"breadcrumb\":{\"@id\":\"https:\/\/www.halisof.com\/en\/quatro-castella\/#breadcrumb\"},\"inLanguage\":\"fr-FR\",\"potentialAction\":[{\"@type\":\"ReadAction\",\"target\":[\"https:\/\/www.halisof.com\/en\/quatro-castella\/\"]}]},{\"@type\":\"ImageObject\",\"inLanguage\":\"fr-FR\",\"@id\":\"https:\/\/www.halisof.com\/en\/quatro-castella\/#primaryimage\",\"url\":\"https:\/\/www.halisof.com\/wp-content\/uploads\/2023\/10\/IMG_0863.jpg\",\"contentUrl\":\"https:\/\/www.halisof.com\/wp-content\/uploads\/2023\/10\/IMG_0863.jpg\"},{\"@type\":\"BreadcrumbList\",\"@id\":\"https:\/\/www.halisof.com\/en\/quatro-castella\/#breadcrumb\",\"itemListElement\":[{\"@type\":\"ListItem\",\"position\":1,\"name\":\"Home\",\"item\":\"https:\/\/www.halisof.com\/\"},{\"@type\":\"ListItem\",\"position\":2,\"name\":\"Residence Quatro Castella\"}]},{\"@type\":\"WebSite\",\"@id\":\"https:\/\/www.halisof.com\/#website\",\"url\":\"https:\/\/www.halisof.com\/\",\"name\":\"Halisof\",\"description\":\"\",\"publisher\":{\"@id\":\"https:\/\/www.halisof.com\/#organization\"},\"potentialAction\":[{\"@type\":\"SearchAction\",\"target\":{\"@type\":\"EntryPoint\",\"urlTemplate\":\"https:\/\/www.halisof.com\/?s={search_term_string}\"},\"query-input\":{\"@type\":\"PropertyValueSpecification\",\"valueRequired\":true,\"valueName\":\"search_term_string\"}}],\"inLanguage\":\"fr-FR\"},{\"@type\":\"Organization\",\"@id\":\"https:\/\/www.halisof.com\/#organization\",\"name\":\"Halisof\",\"url\":\"https:\/\/www.halisof.com\/\",\"logo\":{\"@type\":\"ImageObject\",\"inLanguage\":\"fr-FR\",\"@id\":\"https:\/\/www.halisof.com\/#\/schema\/logo\/image\/\",\"url\":\"https:\/\/www.halisof.com\/wp-content\/uploads\/2023\/10\/logo-Haliso-fwhite.png\",\"contentUrl\":\"https:\/\/www.halisof.com\/wp-content\/uploads\/2023\/10\/logo-Haliso-fwhite.png\",\"width\":2302,\"height\":617,\"caption\":\"Halisof\"},\"image\":{\"@id\":\"https:\/\/www.halisof.com\/#\/schema\/logo\/image\/\"}}]}<\/script>\n<!-- \/ Yoast SEO plugin. -->","yoast_head_json":{"title":"Residence Quatro Castella - Halisof","robots":{"index":"index","follow":"follow","max-snippet":"max-snippet:-1","max-image-preview":"max-image-preview:large","max-video-preview":"max-video-preview:-1"},"canonical":"https:\/\/www.halisof.com\/en\/quatro-castella\/","og_locale":"fr_FR","og_type":"article","og_title":"Residence Quatro Castella - Halisof","og_description":"R\u00c9SIDENCE QUATTRO CASTELLA Component 6 \u2013 4-svg La r\u00e9sidence sera con\u00e7ue et r\u00e9alis\u00e9e avec une attention particuli\u00e8re aux d\u00e9tails et \u00e0 la fonctionnalit\u00e9. Chaque unit\u00e9 d\u2019habitation sera pens\u00e9e pour offrir des espaces de vie modernes et confortables, avec un accent particulier sur la r\u00e9partition des espaces et l\u2019optimisation de la lumi\u00e8re naturelle. Nous utiliserons des [&hellip;]","og_url":"https:\/\/www.halisof.com\/en\/quatro-castella\/","og_site_name":"Halisof","article_modified_time":"2025-10-06T15:03:18+00:00","og_image":[{"url":"https:\/\/www.halisof.com\/wp-content\/uploads\/2023\/10\/IMG_0863.jpg","type":"","width":"","height":""}],"twitter_card":"summary_large_image","twitter_misc":{"Dur\u00e9e de lecture estim\u00e9e":"3 minutes"},"schema":{"@context":"https:\/\/schema.org","@graph":[{"@type":"WebPage","@id":"https:\/\/www.halisof.com\/en\/quatro-castella\/","url":"https:\/\/www.halisof.com\/en\/quatro-castella\/","name":"Residence Quatro Castella - Halisof","isPartOf":{"@id":"https:\/\/www.halisof.com\/#website"},"primaryImageOfPage":{"@id":"https:\/\/www.halisof.com\/en\/quatro-castella\/#primaryimage"},"image":{"@id":"https:\/\/www.halisof.com\/en\/quatro-castella\/#primaryimage"},"thumbnailUrl":"https:\/\/www.halisof.com\/wp-content\/uploads\/2023\/10\/IMG_0863.jpg","datePublished":"2023-10-18T15:34:18+00:00","dateModified":"2025-10-06T15:03:18+00:00","breadcrumb":{"@id":"https:\/\/www.halisof.com\/en\/quatro-castella\/#breadcrumb"},"inLanguage":"fr-FR","potentialAction":[{"@type":"ReadAction","target":["https:\/\/www.halisof.com\/en\/quatro-castella\/"]}]},{"@type":"ImageObject","inLanguage":"fr-FR","@id":"https:\/\/www.halisof.com\/en\/quatro-castella\/#primaryimage","url":"https:\/\/www.halisof.com\/wp-content\/uploads\/2023\/10\/IMG_0863.jpg","contentUrl":"https:\/\/www.halisof.com\/wp-content\/uploads\/2023\/10\/IMG_0863.jpg"},{"@type":"BreadcrumbList","@id":"https:\/\/www.halisof.com\/en\/quatro-castella\/#breadcrumb","itemListElement":[{"@type":"ListItem","position":1,"name":"Home","item":"https:\/\/www.halisof.com\/"},{"@type":"ListItem","position":2,"name":"Residence Quatro Castella"}]},{"@type":"WebSite","@id":"https:\/\/www.halisof.com\/#website","url":"https:\/\/www.halisof.com\/","name":"Halisof","description":"","publisher":{"@id":"https:\/\/www.halisof.com\/#organization"},"potentialAction":[{"@type":"SearchAction","target":{"@type":"EntryPoint","urlTemplate":"https:\/\/www.halisof.com\/?s={search_term_string}"},"query-input":{"@type":"PropertyValueSpecification","valueRequired":true,"valueName":"search_term_string"}}],"inLanguage":"fr-FR"},{"@type":"Organization","@id":"https:\/\/www.halisof.com\/#organization","name":"Halisof","url":"https:\/\/www.halisof.com\/","logo":{"@type":"ImageObject","inLanguage":"fr-FR","@id":"https:\/\/www.halisof.com\/#\/schema\/logo\/image\/","url":"https:\/\/www.halisof.com\/wp-content\/uploads\/2023\/10\/logo-Haliso-fwhite.png","contentUrl":"https:\/\/www.halisof.com\/wp-content\/uploads\/2023\/10\/logo-Haliso-fwhite.png","width":2302,"height":617,"caption":"Halisof"},"image":{"@id":"https:\/\/www.halisof.com\/#\/schema\/logo\/image\/"}}]}},"_links":{"self":[{"href":"https:\/\/www.halisof.com\/fr\/wp-json\/wp\/v2\/pages\/1617","targetHints":{"allow":["GET"]}}],"collection":[{"href":"https:\/\/www.halisof.com\/fr\/wp-json\/wp\/v2\/pages"}],"about":[{"href":"https:\/\/www.halisof.com\/fr\/wp-json\/wp\/v2\/types\/page"}],"author":[{"embeddable":true,"href":"https:\/\/www.halisof.com\/fr\/wp-json\/wp\/v2\/users\/1"}],"replies":[{"embeddable":true,"href":"https:\/\/www.halisof.com\/fr\/wp-json\/wp\/v2\/comments?post=1617"}],"version-history":[{"count":6,"href":"https:\/\/www.halisof.com\/fr\/wp-json\/wp\/v2\/pages\/1617\/revisions"}],"predecessor-version":[{"id":1632,"href":"https:\/\/www.halisof.com\/fr\/wp-json\/wp\/v2\/pages\/1617\/revisions\/1632"}],"wp:attachment":[{"href":"https:\/\/www.halisof.com\/fr\/wp-json\/wp\/v2\/media?parent=1617"}],"curies":[{"name":"wp","href":"https:\/\/api.w.org\/{rel}","templated":true}]}}