{"id":1627,"date":"2023-10-10T12:21:12","date_gmt":"2023-10-10T12:21:12","guid":{"rendered":"https:\/\/www.halisof.com\/?page_id=1627"},"modified":"2025-10-06T15:07:29","modified_gmt":"2025-10-06T15:07:29","slug":"kristal-buildings","status":"publish","type":"page","link":"https:\/\/www.halisof.com\/fr\/kristal-buildings\/","title":{"rendered":"Kristal Buildings"},"content":{"rendered":"\t\t<div data-elementor-type=\"wp-page\" data-elementor-id=\"1627\" class=\"elementor elementor-1627 elementor-515\" data-elementor-post-type=\"page\">\n\t\t\t\t<div class=\"elementor-element elementor-element-eee8671 e-con-full e-flex e-con e-parent\" data-id=\"eee8671\" data-element_type=\"container\" data-settings=\"{&quot;background_background&quot;:&quot;classic&quot;}\">\n\t\t\t\t<div class=\"elementor-element elementor-element-8332bd9 elementor-widget elementor-widget-heading\" data-id=\"8332bd9\" data-element_type=\"widget\" data-widget_type=\"heading.default\">\n\t\t\t\t<div class=\"elementor-widget-container\">\n\t\t\t\t\t<h2 class=\"elementor-heading-title elementor-size-default\">\nKRISTAL BUILDINGS<\/h2>\t\t\t\t<\/div>\n\t\t\t\t<\/div>\n\t\t\t\t<\/div>\n\t\t<div class=\"elementor-element elementor-element-303178e e-con-full single-project e-flex e-con e-parent\" data-id=\"303178e\" data-element_type=\"container\">\n\t\t<div class=\"elementor-element elementor-element-1c85f5d e-con-full e-flex e-con e-child\" data-id=\"1c85f5d\" data-element_type=\"container\">\n\t\t\t\t<div class=\"elementor-element elementor-element-7b45eca elementor-arrows-position-inside elementor-widget elementor-widget-image-carousel\" data-id=\"7b45eca\" data-element_type=\"widget\" data-settings=\"{&quot;slides_to_show&quot;:&quot;1&quot;,&quot;navigation&quot;:&quot;arrows&quot;,&quot;autoplay&quot;:&quot;yes&quot;,&quot;pause_on_hover&quot;:&quot;yes&quot;,&quot;pause_on_interaction&quot;:&quot;yes&quot;,&quot;autoplay_speed&quot;:5000,&quot;infinite&quot;:&quot;yes&quot;,&quot;effect&quot;:&quot;slide&quot;,&quot;speed&quot;:500}\" data-widget_type=\"image-carousel.default\">\n\t\t\t\t<div class=\"elementor-widget-container\">\n\t\t\t\t\t\t\t<div class=\"elementor-image-carousel-wrapper swiper\" role=\"region\" aria-roledescription=\"carousel\" aria-label=\"Image Carousel\" dir=\"ltr\">\n\t\t\t<div class=\"elementor-image-carousel swiper-wrapper swiper-image-stretch\" aria-live=\"off\">\n\t\t\t\t\t\t\t\t<div class=\"swiper-slide\" role=\"group\" aria-roledescription=\"slide\" aria-label=\"1 sur 4\"><figure class=\"swiper-slide-inner\"><img decoding=\"async\" class=\"swiper-slide-image\" src=\"https:\/\/www.halisof.com\/wp-content\/uploads\/2023\/10\/Pallatet-Kristal-1.jpg\" alt=\"Pallatet-Kristal-1\" \/><\/figure><\/div><div class=\"swiper-slide\" role=\"group\" aria-roledescription=\"slide\" aria-label=\"2 sur 4\"><figure class=\"swiper-slide-inner\"><img decoding=\"async\" class=\"swiper-slide-image\" src=\"https:\/\/www.halisof.com\/wp-content\/uploads\/2023\/10\/Pallatet-Kristal-2.jpg\" alt=\"Pallatet-Kristal-2\" \/><\/figure><\/div><div class=\"swiper-slide\" role=\"group\" aria-roledescription=\"slide\" aria-label=\"3 sur 4\"><figure class=\"swiper-slide-inner\"><img decoding=\"async\" class=\"swiper-slide-image\" src=\"https:\/\/www.halisof.com\/wp-content\/uploads\/2023\/10\/Pallatet-Kristal-3.jpg\" alt=\"Pallatet-Kristal-3\" \/><\/figure><\/div><div class=\"swiper-slide\" role=\"group\" aria-roledescription=\"slide\" aria-label=\"4 sur 4\"><figure class=\"swiper-slide-inner\"><img decoding=\"async\" class=\"swiper-slide-image\" src=\"https:\/\/www.halisof.com\/wp-content\/uploads\/2023\/10\/Pallatet-Kristal-4.jpg\" alt=\"Pallatet-Kristal-4\" \/><\/figure><\/div>\t\t\t<\/div>\n\t\t\t\t\t\t\t\t\t\t\t\t<div class=\"elementor-swiper-button elementor-swiper-button-prev\" role=\"button\" tabindex=\"0\">\n\t\t\t\t\t\t<svg xmlns=\"http:\/\/www.w3.org\/2000\/svg\" viewBox=\"0 0 44 44\" width=\"44\" height=\"44\"><title>Component 6 \u2013 4-svg<\/title><style>\t\t.s0 { fill: none } \t\t.s1 { fill: none;stroke: #ffffff;stroke-width: 1.5 } \t<\/style><g id=\"Ellipse_1\"><path id=\"Layer\" class=\"s0\" d=\"m22 0c12.2 0 22 9.8 22 22 0 12.2-9.8 22-22 22-12.2 0-22-9.8-22-22 0-12.2 9.8-22 22-22z\"><\/path><path id=\"Layer\" class=\"s1\" d=\"m22 0.8c11.8-0.1 21.3 9.4 21.3 21.2-0.1 11.8-9.5 21.3-21.3 21.3-11.8-0.1-21.3-9.5-21.3-21.3 0.1-11.8 9.5-21.3 21.3-21.3z\"><\/path><\/g><path id=\"Path_82\" class=\"s1\" d=\"m24.3 31.1l-8.8-8.8 8.8-8.7\"><\/path><\/svg>\t\t\t\t\t<\/div>\n\t\t\t\t\t<div class=\"elementor-swiper-button elementor-swiper-button-next\" role=\"button\" tabindex=\"0\">\n\t\t\t\t\t\t<svg xmlns=\"http:\/\/www.w3.org\/2000\/svg\" id=\"Component_6_4\" data-name=\"Component 6 &#x2013; 4\" width=\"44\" height=\"44\" viewBox=\"0 0 44 44\"><g id=\"Ellipse_1\" data-name=\"Ellipse 1\" fill=\"none\" stroke=\"#fff\" stroke-width=\"1.5\"><circle cx=\"22\" cy=\"22\" r=\"22\" stroke=\"none\"><\/circle><circle cx=\"22\" cy=\"22\" r=\"21.25\" fill=\"none\"><\/circle><\/g><path id=\"Path_82\" data-name=\"Path 82\" d=\"M3414,3500.023l8.783,8.783L3414,3517.59\" transform=\"translate(-3394.314 -3487.152)\" fill=\"none\" stroke=\"#fff\" stroke-width=\"1.5\"><\/path><\/svg>\t\t\t\t\t<\/div>\n\t\t\t\t\n\t\t\t\t\t\t\t\t\t<\/div>\n\t\t\t\t\t\t<\/div>\n\t\t\t\t<\/div>\n\t\t\t\t<\/div>\n\t\t<div class=\"elementor-element elementor-element-3e25ccb e-con-full e-flex e-con e-child\" data-id=\"3e25ccb\" data-element_type=\"container\" data-settings=\"{&quot;background_background&quot;:&quot;classic&quot;}\">\n\t\t\t\t<div class=\"elementor-element elementor-element-5683c22 elementor-widget elementor-widget-text-editor\" data-id=\"5683c22\" data-element_type=\"widget\" data-widget_type=\"text-editor.default\">\n\t\t\t\t<div class=\"elementor-widget-container\">\n\t\t\t\t\t\t\t\t\t<p>Les immeubles nomm\u00e9s Kristal 1 et Kristal 2, dont la construction a d\u00e9but\u00e9 respectivement en 2015 et 2016, sont situ\u00e9s dans la zone de Selita, avec un acc\u00e8s \u00e0 proximit\u00e9 de la route principale \u00ab Unaza e Madhe \u00bb, offrant ainsi \u00e0 leurs r\u00e9sidents un acc\u00e8s facile \u00e0 toutes les zones strat\u00e9giques de la ville.<\/p><p><em>Avec un style simple mettant l\u2019accent sur la grande fonctionnalit\u00e9, l\u2019organisation des appartements et l\u2019optimisation de la lumi\u00e8re naturelle, les immeubles <strong>Kristal 1<\/strong> et <strong>Kristal 2<\/strong>, qui comptent respectivement 7 et 6 \u00e9tages r\u00e9sidentiels, 1 \u00e9tage destin\u00e9 aux services et 1 niveau de parking souterrain, constituent un exemple de construction simple et d\u2019une clart\u00e9 cristalline<\/em><\/p>\t\t\t\t\t\t\t\t<\/div>\n\t\t\t\t<\/div>\n\t\t\t\t<\/div>\n\t\t\t\t<\/div>\n\t\t\t\t<\/div>\n\t\t","protected":false},"excerpt":{"rendered":"<p>KRISTAL BUILDINGS Component 6 \u2013 4-svg Les immeubles nomm\u00e9s Kristal 1 et Kristal 2, dont la construction a d\u00e9but\u00e9 respectivement en 2015 et 2016, sont situ\u00e9s dans la zone de Selita, avec un acc\u00e8s \u00e0 proximit\u00e9 de la route principale \u00ab Unaza e Madhe \u00bb, offrant ainsi \u00e0 leurs r\u00e9sidents un acc\u00e8s facile \u00e0 toutes [&hellip;]<\/p>\n","protected":false},"author":1,"featured_media":0,"parent":0,"menu_order":0,"comment_status":"closed","ping_status":"closed","template":"","meta":{"footnotes":""},"class_list":["post-1627","page","type-page","status-publish","hentry"],"yoast_head":"<!-- This site is optimized with the Yoast SEO plugin v25.5 - https:\/\/yoast.com\/wordpress\/plugins\/seo\/ -->\n<title>Kristal Buildings - Halisof<\/title>\n<meta name=\"robots\" content=\"index, follow, max-snippet:-1, max-image-preview:large, max-video-preview:-1\" \/>\n<link rel=\"canonical\" href=\"https:\/\/www.halisof.com\/en\/pallatet-kristal\/\" \/>\n<meta property=\"og:locale\" content=\"fr_FR\" \/>\n<meta property=\"og:type\" content=\"article\" \/>\n<meta property=\"og:title\" content=\"Kristal Buildings - Halisof\" \/>\n<meta property=\"og:description\" content=\"KRISTAL BUILDINGS Component 6 \u2013 4-svg Les immeubles nomm\u00e9s Kristal 1 et Kristal 2, dont la construction a d\u00e9but\u00e9 respectivement en 2015 et 2016, sont situ\u00e9s dans la zone de Selita, avec un acc\u00e8s \u00e0 proximit\u00e9 de la route principale \u00ab Unaza e Madhe \u00bb, offrant ainsi \u00e0 leurs r\u00e9sidents un acc\u00e8s facile \u00e0 toutes [&hellip;]\" \/>\n<meta property=\"og:url\" content=\"https:\/\/www.halisof.com\/en\/pallatet-kristal\/\" \/>\n<meta property=\"og:site_name\" content=\"Halisof\" \/>\n<meta property=\"article:modified_time\" content=\"2025-10-06T15:07:29+00:00\" \/>\n<meta property=\"og:image\" content=\"https:\/\/www.halisof.com\/wp-content\/uploads\/2023\/10\/Pallatet-Kristal-1.jpg\" \/>\n<meta name=\"twitter:card\" content=\"summary_large_image\" \/>\n<meta name=\"twitter:label1\" content=\"Dur\u00e9e de lecture estim\u00e9e\" \/>\n\t<meta name=\"twitter:data1\" content=\"2 minutes\" \/>\n<script type=\"application\/ld+json\" class=\"yoast-schema-graph\">{\"@context\":\"https:\/\/schema.org\",\"@graph\":[{\"@type\":\"WebPage\",\"@id\":\"https:\/\/www.halisof.com\/en\/pallatet-kristal\/\",\"url\":\"https:\/\/www.halisof.com\/en\/pallatet-kristal\/\",\"name\":\"Kristal Buildings - Halisof\",\"isPartOf\":{\"@id\":\"https:\/\/www.halisof.com\/#website\"},\"primaryImageOfPage\":{\"@id\":\"https:\/\/www.halisof.com\/en\/pallatet-kristal\/#primaryimage\"},\"image\":{\"@id\":\"https:\/\/www.halisof.com\/en\/pallatet-kristal\/#primaryimage\"},\"thumbnailUrl\":\"https:\/\/www.halisof.com\/wp-content\/uploads\/2023\/10\/Pallatet-Kristal-1.jpg\",\"datePublished\":\"2023-10-10T12:21:12+00:00\",\"dateModified\":\"2025-10-06T15:07:29+00:00\",\"breadcrumb\":{\"@id\":\"https:\/\/www.halisof.com\/en\/pallatet-kristal\/#breadcrumb\"},\"inLanguage\":\"fr-FR\",\"potentialAction\":[{\"@type\":\"ReadAction\",\"target\":[\"https:\/\/www.halisof.com\/en\/pallatet-kristal\/\"]}]},{\"@type\":\"ImageObject\",\"inLanguage\":\"fr-FR\",\"@id\":\"https:\/\/www.halisof.com\/en\/pallatet-kristal\/#primaryimage\",\"url\":\"https:\/\/www.halisof.com\/wp-content\/uploads\/2023\/10\/Pallatet-Kristal-1.jpg\",\"contentUrl\":\"https:\/\/www.halisof.com\/wp-content\/uploads\/2023\/10\/Pallatet-Kristal-1.jpg\"},{\"@type\":\"BreadcrumbList\",\"@id\":\"https:\/\/www.halisof.com\/en\/pallatet-kristal\/#breadcrumb\",\"itemListElement\":[{\"@type\":\"ListItem\",\"position\":1,\"name\":\"Home\",\"item\":\"https:\/\/www.halisof.com\/\"},{\"@type\":\"ListItem\",\"position\":2,\"name\":\"Kristal Buildings\"}]},{\"@type\":\"WebSite\",\"@id\":\"https:\/\/www.halisof.com\/#website\",\"url\":\"https:\/\/www.halisof.com\/\",\"name\":\"Halisof\",\"description\":\"\",\"publisher\":{\"@id\":\"https:\/\/www.halisof.com\/#organization\"},\"potentialAction\":[{\"@type\":\"SearchAction\",\"target\":{\"@type\":\"EntryPoint\",\"urlTemplate\":\"https:\/\/www.halisof.com\/?s={search_term_string}\"},\"query-input\":{\"@type\":\"PropertyValueSpecification\",\"valueRequired\":true,\"valueName\":\"search_term_string\"}}],\"inLanguage\":\"fr-FR\"},{\"@type\":\"Organization\",\"@id\":\"https:\/\/www.halisof.com\/#organization\",\"name\":\"Halisof\",\"url\":\"https:\/\/www.halisof.com\/\",\"logo\":{\"@type\":\"ImageObject\",\"inLanguage\":\"fr-FR\",\"@id\":\"https:\/\/www.halisof.com\/#\/schema\/logo\/image\/\",\"url\":\"https:\/\/www.halisof.com\/wp-content\/uploads\/2023\/10\/logo-Haliso-fwhite.png\",\"contentUrl\":\"https:\/\/www.halisof.com\/wp-content\/uploads\/2023\/10\/logo-Haliso-fwhite.png\",\"width\":2302,\"height\":617,\"caption\":\"Halisof\"},\"image\":{\"@id\":\"https:\/\/www.halisof.com\/#\/schema\/logo\/image\/\"}}]}<\/script>\n<!-- \/ Yoast SEO plugin. -->","yoast_head_json":{"title":"Kristal Buildings - Halisof","robots":{"index":"index","follow":"follow","max-snippet":"max-snippet:-1","max-image-preview":"max-image-preview:large","max-video-preview":"max-video-preview:-1"},"canonical":"https:\/\/www.halisof.com\/en\/pallatet-kristal\/","og_locale":"fr_FR","og_type":"article","og_title":"Kristal Buildings - Halisof","og_description":"KRISTAL BUILDINGS Component 6 \u2013 4-svg Les immeubles nomm\u00e9s Kristal 1 et Kristal 2, dont la construction a d\u00e9but\u00e9 respectivement en 2015 et 2016, sont situ\u00e9s dans la zone de Selita, avec un acc\u00e8s \u00e0 proximit\u00e9 de la route principale \u00ab Unaza e Madhe \u00bb, offrant ainsi \u00e0 leurs r\u00e9sidents un acc\u00e8s facile \u00e0 toutes [&hellip;]","og_url":"https:\/\/www.halisof.com\/en\/pallatet-kristal\/","og_site_name":"Halisof","article_modified_time":"2025-10-06T15:07:29+00:00","og_image":[{"url":"https:\/\/www.halisof.com\/wp-content\/uploads\/2023\/10\/Pallatet-Kristal-1.jpg","type":"","width":"","height":""}],"twitter_card":"summary_large_image","twitter_misc":{"Dur\u00e9e de lecture estim\u00e9e":"2 minutes"},"schema":{"@context":"https:\/\/schema.org","@graph":[{"@type":"WebPage","@id":"https:\/\/www.halisof.com\/en\/pallatet-kristal\/","url":"https:\/\/www.halisof.com\/en\/pallatet-kristal\/","name":"Kristal Buildings - Halisof","isPartOf":{"@id":"https:\/\/www.halisof.com\/#website"},"primaryImageOfPage":{"@id":"https:\/\/www.halisof.com\/en\/pallatet-kristal\/#primaryimage"},"image":{"@id":"https:\/\/www.halisof.com\/en\/pallatet-kristal\/#primaryimage"},"thumbnailUrl":"https:\/\/www.halisof.com\/wp-content\/uploads\/2023\/10\/Pallatet-Kristal-1.jpg","datePublished":"2023-10-10T12:21:12+00:00","dateModified":"2025-10-06T15:07:29+00:00","breadcrumb":{"@id":"https:\/\/www.halisof.com\/en\/pallatet-kristal\/#breadcrumb"},"inLanguage":"fr-FR","potentialAction":[{"@type":"ReadAction","target":["https:\/\/www.halisof.com\/en\/pallatet-kristal\/"]}]},{"@type":"ImageObject","inLanguage":"fr-FR","@id":"https:\/\/www.halisof.com\/en\/pallatet-kristal\/#primaryimage","url":"https:\/\/www.halisof.com\/wp-content\/uploads\/2023\/10\/Pallatet-Kristal-1.jpg","contentUrl":"https:\/\/www.halisof.com\/wp-content\/uploads\/2023\/10\/Pallatet-Kristal-1.jpg"},{"@type":"BreadcrumbList","@id":"https:\/\/www.halisof.com\/en\/pallatet-kristal\/#breadcrumb","itemListElement":[{"@type":"ListItem","position":1,"name":"Home","item":"https:\/\/www.halisof.com\/"},{"@type":"ListItem","position":2,"name":"Kristal Buildings"}]},{"@type":"WebSite","@id":"https:\/\/www.halisof.com\/#website","url":"https:\/\/www.halisof.com\/","name":"Halisof","description":"","publisher":{"@id":"https:\/\/www.halisof.com\/#organization"},"potentialAction":[{"@type":"SearchAction","target":{"@type":"EntryPoint","urlTemplate":"https:\/\/www.halisof.com\/?s={search_term_string}"},"query-input":{"@type":"PropertyValueSpecification","valueRequired":true,"valueName":"search_term_string"}}],"inLanguage":"fr-FR"},{"@type":"Organization","@id":"https:\/\/www.halisof.com\/#organization","name":"Halisof","url":"https:\/\/www.halisof.com\/","logo":{"@type":"ImageObject","inLanguage":"fr-FR","@id":"https:\/\/www.halisof.com\/#\/schema\/logo\/image\/","url":"https:\/\/www.halisof.com\/wp-content\/uploads\/2023\/10\/logo-Haliso-fwhite.png","contentUrl":"https:\/\/www.halisof.com\/wp-content\/uploads\/2023\/10\/logo-Haliso-fwhite.png","width":2302,"height":617,"caption":"Halisof"},"image":{"@id":"https:\/\/www.halisof.com\/#\/schema\/logo\/image\/"}}]}},"_links":{"self":[{"href":"https:\/\/www.halisof.com\/fr\/wp-json\/wp\/v2\/pages\/1627","targetHints":{"allow":["GET"]}}],"collection":[{"href":"https:\/\/www.halisof.com\/fr\/wp-json\/wp\/v2\/pages"}],"about":[{"href":"https:\/\/www.halisof.com\/fr\/wp-json\/wp\/v2\/types\/page"}],"author":[{"embeddable":true,"href":"https:\/\/www.halisof.com\/fr\/wp-json\/wp\/v2\/users\/1"}],"replies":[{"embeddable":true,"href":"https:\/\/www.halisof.com\/fr\/wp-json\/wp\/v2\/comments?post=1627"}],"version-history":[{"count":6,"href":"https:\/\/www.halisof.com\/fr\/wp-json\/wp\/v2\/pages\/1627\/revisions"}],"predecessor-version":[{"id":1659,"href":"https:\/\/www.halisof.com\/fr\/wp-json\/wp\/v2\/pages\/1627\/revisions\/1659"}],"wp:attachment":[{"href":"https:\/\/www.halisof.com\/fr\/wp-json\/wp\/v2\/media?parent=1627"}],"curies":[{"name":"wp","href":"https:\/\/api.w.org\/{rel}","templated":true}]}}