{"id":1019,"date":"2023-10-06T12:26:56","date_gmt":"2023-10-06T12:26:56","guid":{"rendered":"https:\/\/www.halisof.com\/rreth-nesh\/"},"modified":"2023-10-19T10:09:34","modified_gmt":"2023-10-19T10:09:34","slug":"rreth-nesh","status":"publish","type":"page","link":"https:\/\/www.halisof.com\/it\/rreth-nesh\/","title":{"rendered":"Chi Siamo"},"content":{"rendered":"\t\t<div data-elementor-type=\"wp-page\" data-elementor-id=\"1019\" class=\"elementor elementor-1019 elementor-16\" data-elementor-post-type=\"page\">\n\t\t\t\t<div class=\"elementor-element elementor-element-f8e10bc e-con-full e-flex e-con e-parent\" data-id=\"f8e10bc\" data-element_type=\"container\" data-settings=\"{&quot;background_background&quot;:&quot;classic&quot;}\">\n\t\t\t\t<div class=\"elementor-element elementor-element-114d726 elementor-widget elementor-widget-heading\" data-id=\"114d726\" data-element_type=\"widget\" data-widget_type=\"heading.default\">\n\t\t\t\t<div class=\"elementor-widget-container\">\n\t\t\t\t\t<h2 class=\"elementor-heading-title elementor-size-default\">CHI SIAMO<\/h2>\t\t\t\t<\/div>\n\t\t\t\t<\/div>\n\t\t\t\t<\/div>\n\t\t<div class=\"elementor-element elementor-element-e0b8f32 e-flex e-con-boxed e-con e-parent\" data-id=\"e0b8f32\" data-element_type=\"container\" data-settings=\"{&quot;background_background&quot;:&quot;classic&quot;}\">\n\t\t\t\t\t<div class=\"e-con-inner\">\n\t\t\t\t\t<\/div>\n\t\t\t\t<\/div>\n\t\t<div class=\"elementor-element elementor-element-2165c94 rreth-nesh-tabs e-flex e-con-boxed e-con e-parent\" data-id=\"2165c94\" data-element_type=\"container\">\n\t\t\t\t\t<div class=\"e-con-inner\">\n\t\t\t\t<div class=\"elementor-element elementor-element-3dce740 elementor-tabs-view-vertical elementor-widget elementor-widget-tabs\" data-id=\"3dce740\" data-element_type=\"widget\" data-widget_type=\"tabs.default\">\n\t\t\t\t<div class=\"elementor-widget-container\">\n\t\t\t\t\t\t\t<div class=\"elementor-tabs\">\n\t\t\t<div class=\"elementor-tabs-wrapper\" role=\"tablist\" >\n\t\t\t\t\t\t\t\t\t<div id=\"elementor-tab-title-6481\" class=\"elementor-tab-title elementor-tab-desktop-title\" aria-selected=\"true\" data-tab=\"1\" role=\"tab\" tabindex=\"0\" aria-controls=\"elementor-tab-content-6481\" aria-expanded=\"false\">CHI SIAMO<\/div>\n\t\t\t\t\t\t\t\t\t<div id=\"elementor-tab-title-6482\" class=\"elementor-tab-title elementor-tab-desktop-title\" aria-selected=\"false\" data-tab=\"2\" role=\"tab\" tabindex=\"-1\" aria-controls=\"elementor-tab-content-6482\" aria-expanded=\"false\">VALORI<\/div>\n\t\t\t\t\t\t\t\t\t<div id=\"elementor-tab-title-6483\" class=\"elementor-tab-title elementor-tab-desktop-title\" aria-selected=\"false\" data-tab=\"3\" role=\"tab\" tabindex=\"-1\" aria-controls=\"elementor-tab-content-6483\" aria-expanded=\"false\">FILOSOFIA<\/div>\n\t\t\t\t\t\t\t<\/div>\n\t\t\t<div class=\"elementor-tabs-content-wrapper\" role=\"tablist\" aria-orientation=\"vertical\">\n\t\t\t\t\t\t\t\t\t<div class=\"elementor-tab-title elementor-tab-mobile-title\" aria-selected=\"true\" data-tab=\"1\" role=\"tab\" tabindex=\"0\" aria-controls=\"elementor-tab-content-6481\" aria-expanded=\"false\">CHI SIAMO<\/div>\n\t\t\t\t\t<div id=\"elementor-tab-content-6481\" class=\"elementor-tab-content elementor-clearfix\" data-tab=\"1\" role=\"tabpanel\" aria-labelledby=\"elementor-tab-title-6481\" tabindex=\"0\" hidden=\"false\"><p>HALISOF S.r.l e\u2019 una compagnia di costruzioni fondata nel giugno del 2011, dall\u2019amministratore unico Klaudio Riko. <br \/><br \/>Con un\u2019esperienza di oltre vent\u2019anni in Italia, lo scopo della nostra compagnia e\u2019 stato, e sempre sara\u2019, l\u2019alta qualita\u2019 delle sue costruzioni, che rispettano gli standard europei e conservano la propria qualita\u2019 ed integrita\u2019 negli anni. <br \/><br \/>L\u2019Italia non ha solamente trasmesso l\u2019unicita\u2019 della sua architettura, ma ne e\u2019 parte integrante dei nostri progetti tramite la cooperazione con partner e professionisti del paese. <br \/><br \/>La visione di HALISOF S.r.l e\u2019 creare opere di successo, seguendo i piu\u2019 alti standard Europei e abbracciando soluzioni sostenibili rispettando l\u2019ambiente.<\/p><\/div>\n\t\t\t\t\t\t\t\t\t<div class=\"elementor-tab-title elementor-tab-mobile-title\" aria-selected=\"false\" data-tab=\"2\" role=\"tab\" tabindex=\"-1\" aria-controls=\"elementor-tab-content-6482\" aria-expanded=\"false\">VALORI<\/div>\n\t\t\t\t\t<div id=\"elementor-tab-content-6482\" class=\"elementor-tab-content elementor-clearfix\" data-tab=\"2\" role=\"tabpanel\" aria-labelledby=\"elementor-tab-title-6482\" tabindex=\"0\" hidden=\"hidden\"><p>La professionalit\u00e0 \u00e8 uno dei pilastri fondamentali della nostra azienda.\u00a0Il nostro team \u00e8 composto da professionisti altamente qualificati ed esperti nel settore delle costruzioni <br \/><br \/>L&#8217;innovazione \u00e8 un altro elemento chiave della nostra ditta di costruzioni. Siamo costantemente alla ricerca di nuove tecnologie, materiali e metodi di costruzione per migliorare l&#8217;efficienza e la sostenibilit\u00e0 dei nostri progetti. La qualit\u00e0 \u00e8 la nostra priorit\u00e0 assoluta. Utilizziamo solo materiali di prima qualit\u00e0 e collaboriamo con fornitori affidabili per garantire la durabilit\u00e0 e la solidit\u00e0 delle nostre costruzioni. Ogni progetto viene sottoposto a rigorosi controlli di qualit\u00e0 per assicurare che soddisfi i pi\u00f9 alti standard.<\/p><\/div>\n\t\t\t\t\t\t\t\t\t<div class=\"elementor-tab-title elementor-tab-mobile-title\" aria-selected=\"false\" data-tab=\"3\" role=\"tab\" tabindex=\"-1\" aria-controls=\"elementor-tab-content-6483\" aria-expanded=\"false\">FILOSOFIA<\/div>\n\t\t\t\t\t<div id=\"elementor-tab-content-6483\" class=\"elementor-tab-content elementor-clearfix\" data-tab=\"3\" role=\"tabpanel\" aria-labelledby=\"elementor-tab-title-6483\" tabindex=\"0\" hidden=\"hidden\"><p>La filosofia della nostra ditta di costruzioni si basa su tre principi fondamentali: ecosostenibilit\u00e0, qualit\u00e0 e stabilit\u00e0.\u00a0Questi valori guidano ogni aspetto del nostro lavoro e ci permettono di offrire soluzioni costruttive che rispettano l&amp;#39;ambiente, garantiscono risultati di alta qualit\u00e0 e promuovono la stabilit\u00e0 a lungo termine.<\/p><\/div>\n\t\t\t\t\t\t\t<\/div>\n\t\t<\/div>\n\t\t\t\t\t\t<\/div>\n\t\t\t\t<\/div>\n\t\t\t\t\t<\/div>\n\t\t\t\t<\/div>\n\t\t\t\t<\/div>\n\t\t","protected":false},"excerpt":{"rendered":"<p>CHI SIAMO CHI SIAMO VALORI FILOSOFIA CHI SIAMO HALISOF S.r.l e\u2019 una compagnia di costruzioni fondata nel giugno del 2011, dall\u2019amministratore unico Klaudio Riko. Con un\u2019esperienza di oltre vent\u2019anni in Italia, lo scopo della nostra compagnia e\u2019 stato, e sempre sara\u2019, l\u2019alta qualita\u2019 delle sue costruzioni, che rispettano gli standard europei e conservano la propria [&hellip;]<\/p>\n","protected":false},"author":1,"featured_media":0,"parent":0,"menu_order":0,"comment_status":"closed","ping_status":"closed","template":"","meta":{"footnotes":""},"class_list":["post-1019","page","type-page","status-publish","hentry"],"yoast_head":"<!-- This site is optimized with the Yoast SEO plugin v25.5 - https:\/\/yoast.com\/wordpress\/plugins\/seo\/ -->\n<title>Chi Siamo - Halisof<\/title>\n<meta name=\"robots\" content=\"index, follow, max-snippet:-1, max-image-preview:large, max-video-preview:-1\" \/>\n<link rel=\"canonical\" href=\"https:\/\/www.halisof.com\/rreth-nesh\/\" \/>\n<meta property=\"og:locale\" content=\"it_IT\" \/>\n<meta property=\"og:type\" content=\"article\" \/>\n<meta property=\"og:title\" content=\"Chi Siamo - Halisof\" \/>\n<meta property=\"og:description\" content=\"CHI SIAMO CHI SIAMO VALORI FILOSOFIA CHI SIAMO HALISOF S.r.l e\u2019 una compagnia di costruzioni fondata nel giugno del 2011, dall\u2019amministratore unico Klaudio Riko. Con un\u2019esperienza di oltre vent\u2019anni in Italia, lo scopo della nostra compagnia e\u2019 stato, e sempre sara\u2019, l\u2019alta qualita\u2019 delle sue costruzioni, che rispettano gli standard europei e conservano la propria [&hellip;]\" \/>\n<meta property=\"og:url\" content=\"https:\/\/www.halisof.com\/rreth-nesh\/\" \/>\n<meta property=\"og:site_name\" content=\"Halisof\" \/>\n<meta property=\"article:modified_time\" content=\"2023-10-19T10:09:34+00:00\" \/>\n<meta name=\"twitter:card\" content=\"summary_large_image\" \/>\n<meta name=\"twitter:label1\" content=\"Tempo di lettura stimato\" \/>\n\t<meta name=\"twitter:data1\" content=\"1 minuto\" \/>\n<script type=\"application\/ld+json\" class=\"yoast-schema-graph\">{\"@context\":\"https:\/\/schema.org\",\"@graph\":[{\"@type\":\"WebPage\",\"@id\":\"https:\/\/www.halisof.com\/rreth-nesh\/\",\"url\":\"https:\/\/www.halisof.com\/rreth-nesh\/\",\"name\":\"Chi Siamo - Halisof\",\"isPartOf\":{\"@id\":\"https:\/\/www.halisof.com\/#website\"},\"datePublished\":\"2023-10-06T12:26:56+00:00\",\"dateModified\":\"2023-10-19T10:09:34+00:00\",\"breadcrumb\":{\"@id\":\"https:\/\/www.halisof.com\/rreth-nesh\/#breadcrumb\"},\"inLanguage\":\"it-IT\",\"potentialAction\":[{\"@type\":\"ReadAction\",\"target\":[\"https:\/\/www.halisof.com\/rreth-nesh\/\"]}]},{\"@type\":\"BreadcrumbList\",\"@id\":\"https:\/\/www.halisof.com\/rreth-nesh\/#breadcrumb\",\"itemListElement\":[{\"@type\":\"ListItem\",\"position\":1,\"name\":\"Home\",\"item\":\"https:\/\/www.halisof.com\/\"},{\"@type\":\"ListItem\",\"position\":2,\"name\":\"Chi Siamo\"}]},{\"@type\":\"WebSite\",\"@id\":\"https:\/\/www.halisof.com\/#website\",\"url\":\"https:\/\/www.halisof.com\/\",\"name\":\"Halisof\",\"description\":\"\",\"publisher\":{\"@id\":\"https:\/\/www.halisof.com\/#organization\"},\"potentialAction\":[{\"@type\":\"SearchAction\",\"target\":{\"@type\":\"EntryPoint\",\"urlTemplate\":\"https:\/\/www.halisof.com\/?s={search_term_string}\"},\"query-input\":{\"@type\":\"PropertyValueSpecification\",\"valueRequired\":true,\"valueName\":\"search_term_string\"}}],\"inLanguage\":\"it-IT\"},{\"@type\":\"Organization\",\"@id\":\"https:\/\/www.halisof.com\/#organization\",\"name\":\"Halisof\",\"url\":\"https:\/\/www.halisof.com\/\",\"logo\":{\"@type\":\"ImageObject\",\"inLanguage\":\"it-IT\",\"@id\":\"https:\/\/www.halisof.com\/#\/schema\/logo\/image\/\",\"url\":\"https:\/\/www.halisof.com\/wp-content\/uploads\/2023\/10\/logo-Haliso-fwhite.png\",\"contentUrl\":\"https:\/\/www.halisof.com\/wp-content\/uploads\/2023\/10\/logo-Haliso-fwhite.png\",\"width\":2302,\"height\":617,\"caption\":\"Halisof\"},\"image\":{\"@id\":\"https:\/\/www.halisof.com\/#\/schema\/logo\/image\/\"}}]}<\/script>\n<!-- \/ Yoast SEO plugin. -->","yoast_head_json":{"title":"Chi Siamo - Halisof","robots":{"index":"index","follow":"follow","max-snippet":"max-snippet:-1","max-image-preview":"max-image-preview:large","max-video-preview":"max-video-preview:-1"},"canonical":"https:\/\/www.halisof.com\/rreth-nesh\/","og_locale":"it_IT","og_type":"article","og_title":"Chi Siamo - Halisof","og_description":"CHI SIAMO CHI SIAMO VALORI FILOSOFIA CHI SIAMO HALISOF S.r.l e\u2019 una compagnia di costruzioni fondata nel giugno del 2011, dall\u2019amministratore unico Klaudio Riko. Con un\u2019esperienza di oltre vent\u2019anni in Italia, lo scopo della nostra compagnia e\u2019 stato, e sempre sara\u2019, l\u2019alta qualita\u2019 delle sue costruzioni, che rispettano gli standard europei e conservano la propria [&hellip;]","og_url":"https:\/\/www.halisof.com\/rreth-nesh\/","og_site_name":"Halisof","article_modified_time":"2023-10-19T10:09:34+00:00","twitter_card":"summary_large_image","twitter_misc":{"Tempo di lettura stimato":"1 minuto"},"schema":{"@context":"https:\/\/schema.org","@graph":[{"@type":"WebPage","@id":"https:\/\/www.halisof.com\/rreth-nesh\/","url":"https:\/\/www.halisof.com\/rreth-nesh\/","name":"Chi Siamo - Halisof","isPartOf":{"@id":"https:\/\/www.halisof.com\/#website"},"datePublished":"2023-10-06T12:26:56+00:00","dateModified":"2023-10-19T10:09:34+00:00","breadcrumb":{"@id":"https:\/\/www.halisof.com\/rreth-nesh\/#breadcrumb"},"inLanguage":"it-IT","potentialAction":[{"@type":"ReadAction","target":["https:\/\/www.halisof.com\/rreth-nesh\/"]}]},{"@type":"BreadcrumbList","@id":"https:\/\/www.halisof.com\/rreth-nesh\/#breadcrumb","itemListElement":[{"@type":"ListItem","position":1,"name":"Home","item":"https:\/\/www.halisof.com\/"},{"@type":"ListItem","position":2,"name":"Chi Siamo"}]},{"@type":"WebSite","@id":"https:\/\/www.halisof.com\/#website","url":"https:\/\/www.halisof.com\/","name":"Halisof","description":"","publisher":{"@id":"https:\/\/www.halisof.com\/#organization"},"potentialAction":[{"@type":"SearchAction","target":{"@type":"EntryPoint","urlTemplate":"https:\/\/www.halisof.com\/?s={search_term_string}"},"query-input":{"@type":"PropertyValueSpecification","valueRequired":true,"valueName":"search_term_string"}}],"inLanguage":"it-IT"},{"@type":"Organization","@id":"https:\/\/www.halisof.com\/#organization","name":"Halisof","url":"https:\/\/www.halisof.com\/","logo":{"@type":"ImageObject","inLanguage":"it-IT","@id":"https:\/\/www.halisof.com\/#\/schema\/logo\/image\/","url":"https:\/\/www.halisof.com\/wp-content\/uploads\/2023\/10\/logo-Haliso-fwhite.png","contentUrl":"https:\/\/www.halisof.com\/wp-content\/uploads\/2023\/10\/logo-Haliso-fwhite.png","width":2302,"height":617,"caption":"Halisof"},"image":{"@id":"https:\/\/www.halisof.com\/#\/schema\/logo\/image\/"}}]}},"_links":{"self":[{"href":"https:\/\/www.halisof.com\/it\/wp-json\/wp\/v2\/pages\/1019","targetHints":{"allow":["GET"]}}],"collection":[{"href":"https:\/\/www.halisof.com\/it\/wp-json\/wp\/v2\/pages"}],"about":[{"href":"https:\/\/www.halisof.com\/it\/wp-json\/wp\/v2\/types\/page"}],"author":[{"embeddable":true,"href":"https:\/\/www.halisof.com\/it\/wp-json\/wp\/v2\/users\/1"}],"replies":[{"embeddable":true,"href":"https:\/\/www.halisof.com\/it\/wp-json\/wp\/v2\/comments?post=1019"}],"version-history":[{"count":6,"href":"https:\/\/www.halisof.com\/it\/wp-json\/wp\/v2\/pages\/1019\/revisions"}],"predecessor-version":[{"id":1028,"href":"https:\/\/www.halisof.com\/it\/wp-json\/wp\/v2\/pages\/1019\/revisions\/1028"}],"wp:attachment":[{"href":"https:\/\/www.halisof.com\/it\/wp-json\/wp\/v2\/media?parent=1019"}],"curies":[{"name":"wp","href":"https:\/\/api.w.org\/{rel}","templated":true}]}}