{"id":1164,"date":"2023-10-18T15:28:26","date_gmt":"2023-10-18T15:28:26","guid":{"rendered":"https:\/\/www.halisof.com\/vila-riko\/"},"modified":"2023-10-19T15:21:31","modified_gmt":"2023-10-19T15:21:31","slug":"vila-riko","status":"publish","type":"page","link":"https:\/\/www.halisof.com\/it\/vila-riko\/","title":{"rendered":"Vila Riko"},"content":{"rendered":"\t\t<div data-elementor-type=\"wp-page\" data-elementor-id=\"1164\" class=\"elementor elementor-1164 elementor-754\" data-elementor-post-type=\"page\">\n\t\t\t\t<div class=\"elementor-element elementor-element-8feca8a e-con-full e-flex e-con e-parent\" data-id=\"8feca8a\" data-element_type=\"container\" data-settings=\"{&quot;background_background&quot;:&quot;classic&quot;}\">\n\t\t\t\t<div class=\"elementor-element elementor-element-15bacbc elementor-widget elementor-widget-heading\" data-id=\"15bacbc\" data-element_type=\"widget\" data-widget_type=\"heading.default\">\n\t\t\t\t<div class=\"elementor-widget-container\">\n\t\t\t\t\t<h2 class=\"elementor-heading-title elementor-size-default\">VILA RIKO<\/h2>\t\t\t\t<\/div>\n\t\t\t\t<\/div>\n\t\t\t\t<\/div>\n\t\t<div class=\"elementor-element elementor-element-fe5d48d e-con-full single-project e-flex e-con e-parent\" data-id=\"fe5d48d\" data-element_type=\"container\">\n\t\t<div class=\"elementor-element elementor-element-2db5cca e-con-full e-flex e-con e-child\" data-id=\"2db5cca\" data-element_type=\"container\">\n\t\t\t\t<div class=\"elementor-element elementor-element-7c1ec55 elementor-arrows-position-inside elementor-widget elementor-widget-image-carousel\" data-id=\"7c1ec55\" data-element_type=\"widget\" data-settings=\"{&quot;slides_to_show&quot;:&quot;1&quot;,&quot;navigation&quot;:&quot;arrows&quot;,&quot;autoplay&quot;:&quot;yes&quot;,&quot;pause_on_hover&quot;:&quot;yes&quot;,&quot;pause_on_interaction&quot;:&quot;yes&quot;,&quot;autoplay_speed&quot;:5000,&quot;infinite&quot;:&quot;yes&quot;,&quot;effect&quot;:&quot;slide&quot;,&quot;speed&quot;:500}\" data-widget_type=\"image-carousel.default\">\n\t\t\t\t<div class=\"elementor-widget-container\">\n\t\t\t\t\t\t\t<div class=\"elementor-image-carousel-wrapper swiper\" role=\"region\" aria-roledescription=\"carousel\" aria-label=\"Carosello d&#039;immagini\" dir=\"ltr\">\n\t\t\t<div class=\"elementor-image-carousel swiper-wrapper swiper-image-stretch\" aria-live=\"off\">\n\t\t\t\t\t\t\t\t<div class=\"swiper-slide\" role=\"group\" aria-roledescription=\"slide\" aria-label=\"1 di 8\"><figure class=\"swiper-slide-inner\"><img decoding=\"async\" class=\"swiper-slide-image\" src=\"https:\/\/www.halisof.com\/wp-content\/uploads\/2023\/10\/IMG_0851.jpg\" alt=\"IMG_0851\" \/><\/figure><\/div><div class=\"swiper-slide\" role=\"group\" aria-roledescription=\"slide\" aria-label=\"2 di 8\"><figure class=\"swiper-slide-inner\"><img decoding=\"async\" class=\"swiper-slide-image\" src=\"https:\/\/www.halisof.com\/wp-content\/uploads\/2023\/10\/IMG_0853.jpg\" alt=\"IMG_0853\" \/><\/figure><\/div><div class=\"swiper-slide\" role=\"group\" aria-roledescription=\"slide\" aria-label=\"3 di 8\"><figure class=\"swiper-slide-inner\"><img decoding=\"async\" class=\"swiper-slide-image\" src=\"https:\/\/www.halisof.com\/wp-content\/uploads\/2023\/10\/IMG_0854.jpg\" alt=\"IMG_0854\" \/><\/figure><\/div><div class=\"swiper-slide\" role=\"group\" aria-roledescription=\"slide\" aria-label=\"4 di 8\"><figure class=\"swiper-slide-inner\"><img decoding=\"async\" class=\"swiper-slide-image\" src=\"https:\/\/www.halisof.com\/wp-content\/uploads\/2023\/10\/IMG_0855.jpg\" alt=\"IMG_0855\" \/><\/figure><\/div><div class=\"swiper-slide\" role=\"group\" aria-roledescription=\"slide\" aria-label=\"5 di 8\"><figure class=\"swiper-slide-inner\"><img decoding=\"async\" class=\"swiper-slide-image\" src=\"https:\/\/www.halisof.com\/wp-content\/uploads\/2023\/10\/IMG_0856.jpg\" alt=\"IMG_0856\" \/><\/figure><\/div><div class=\"swiper-slide\" role=\"group\" aria-roledescription=\"slide\" aria-label=\"6 di 8\"><figure class=\"swiper-slide-inner\"><img decoding=\"async\" class=\"swiper-slide-image\" src=\"https:\/\/www.halisof.com\/wp-content\/uploads\/2023\/10\/IMG_0849.jpg\" alt=\"IMG_0849\" \/><\/figure><\/div><div class=\"swiper-slide\" role=\"group\" aria-roledescription=\"slide\" aria-label=\"7 di 8\"><figure class=\"swiper-slide-inner\"><img decoding=\"async\" class=\"swiper-slide-image\" src=\"https:\/\/www.halisof.com\/wp-content\/uploads\/2023\/10\/IMG_0850.jpg\" alt=\"IMG_0850\" \/><\/figure><\/div><div class=\"swiper-slide\" role=\"group\" aria-roledescription=\"slide\" aria-label=\"8 di 8\"><figure class=\"swiper-slide-inner\"><img decoding=\"async\" class=\"swiper-slide-image\" src=\"https:\/\/www.halisof.com\/wp-content\/uploads\/2023\/10\/IMG_0852.jpg\" alt=\"IMG_0852\" \/><\/figure><\/div>\t\t\t<\/div>\n\t\t\t\t\t\t\t\t\t\t\t\t<div class=\"elementor-swiper-button elementor-swiper-button-prev\" role=\"button\" tabindex=\"0\">\n\t\t\t\t\t\t<svg xmlns=\"http:\/\/www.w3.org\/2000\/svg\" viewBox=\"0 0 44 44\" width=\"44\" height=\"44\"><title>Component 6 \u2013 4-svg<\/title><style>\t\t.s0 { fill: none } \t\t.s1 { fill: none;stroke: #ffffff;stroke-width: 1.5 } \t<\/style><g id=\"Ellipse_1\"><path id=\"Layer\" class=\"s0\" d=\"m22 0c12.2 0 22 9.8 22 22 0 12.2-9.8 22-22 22-12.2 0-22-9.8-22-22 0-12.2 9.8-22 22-22z\"><\/path><path id=\"Layer\" class=\"s1\" d=\"m22 0.8c11.8-0.1 21.3 9.4 21.3 21.2-0.1 11.8-9.5 21.3-21.3 21.3-11.8-0.1-21.3-9.5-21.3-21.3 0.1-11.8 9.5-21.3 21.3-21.3z\"><\/path><\/g><path id=\"Path_82\" class=\"s1\" d=\"m24.3 31.1l-8.8-8.8 8.8-8.7\"><\/path><\/svg>\t\t\t\t\t<\/div>\n\t\t\t\t\t<div class=\"elementor-swiper-button elementor-swiper-button-next\" role=\"button\" tabindex=\"0\">\n\t\t\t\t\t\t<svg xmlns=\"http:\/\/www.w3.org\/2000\/svg\" id=\"Component_6_4\" data-name=\"Component 6 &#x2013; 4\" width=\"44\" height=\"44\" viewBox=\"0 0 44 44\"><g id=\"Ellipse_1\" data-name=\"Ellipse 1\" fill=\"none\" stroke=\"#fff\" stroke-width=\"1.5\"><circle cx=\"22\" cy=\"22\" r=\"22\" stroke=\"none\"><\/circle><circle cx=\"22\" cy=\"22\" r=\"21.25\" fill=\"none\"><\/circle><\/g><path id=\"Path_82\" data-name=\"Path 82\" d=\"M3414,3500.023l8.783,8.783L3414,3517.59\" transform=\"translate(-3394.314 -3487.152)\" fill=\"none\" stroke=\"#fff\" stroke-width=\"1.5\"><\/path><\/svg>\t\t\t\t\t<\/div>\n\t\t\t\t\n\t\t\t\t\t\t\t\t\t<\/div>\n\t\t\t\t\t\t<\/div>\n\t\t\t\t<\/div>\n\t\t\t\t<\/div>\n\t\t<div class=\"elementor-element elementor-element-0afa5eb e-con-full e-flex e-con e-child\" data-id=\"0afa5eb\" data-element_type=\"container\" data-settings=\"{&quot;background_background&quot;:&quot;classic&quot;}\">\n\t\t\t\t<div class=\"elementor-element elementor-element-48ab5a7 elementor-widget elementor-widget-text-editor\" data-id=\"48ab5a7\" data-element_type=\"widget\" data-widget_type=\"text-editor.default\">\n\t\t\t\t<div class=\"elementor-widget-container\">\n\t\t\t\t\t\t\t\t\t<p>La villa \u00e8 progettata per offrire un ambiente lussuoso e confortevole. Gli spazi interni sono ampi e luminosi, con grandi finestre che permettono di godere della vista panoramica sulle colline circostanti. L&#8217;uso del legno come materiale principale crea un&#8217;atmosfera accogliente e armoniosa, che si fonde perfettamente con l&#8217;ambiente naturale circostante. Una delle caratteristiche distintive di questa villa \u00e8 la presenza di una piscina, che aggiunge un tocco di lusso e relax all&#8217;intera propriet\u00e0.La villa \u00e8 dotata di tutte le comodit\u00e0 moderne, come impianti di riscaldamento e raffreddamento efficienti, sistemi di sicurezza avanzati e tecnologie domotiche per il controllo intelligente degli ambienti. Ogni dettaglio \u00e8 stato attentamente studiato per garantire il massimo comfort e la massima qualit\u00e0 di vita.<\/p>\t\t\t\t\t\t\t\t<\/div>\n\t\t\t\t<\/div>\n\t\t\t\t<\/div>\n\t\t\t\t<\/div>\n\t\t\t\t<\/div>\n\t\t","protected":false},"excerpt":{"rendered":"<p>VILA RIKO Component 6 \u2013 4-svg La villa \u00e8 progettata per offrire un ambiente lussuoso e confortevole. Gli spazi interni sono ampi e luminosi, con grandi finestre che permettono di godere della vista panoramica sulle colline circostanti. L&#8217;uso del legno come materiale principale crea un&#8217;atmosfera accogliente e armoniosa, che si fonde perfettamente con l&#8217;ambiente naturale [&hellip;]<\/p>\n","protected":false},"author":1,"featured_media":0,"parent":0,"menu_order":0,"comment_status":"closed","ping_status":"closed","template":"","meta":{"footnotes":""},"class_list":["post-1164","page","type-page","status-publish","hentry"],"yoast_head":"<!-- This site is optimized with the Yoast SEO plugin v25.5 - https:\/\/yoast.com\/wordpress\/plugins\/seo\/ -->\n<title>Vila Riko - Halisof<\/title>\n<meta name=\"robots\" content=\"index, follow, max-snippet:-1, max-image-preview:large, max-video-preview:-1\" \/>\n<link rel=\"canonical\" href=\"https:\/\/www.halisof.com\/en\/vila-riko\/\" \/>\n<meta property=\"og:locale\" content=\"it_IT\" \/>\n<meta property=\"og:type\" content=\"article\" \/>\n<meta property=\"og:title\" content=\"Vila Riko - Halisof\" \/>\n<meta property=\"og:description\" content=\"VILA RIKO Component 6 \u2013 4-svg La villa \u00e8 progettata per offrire un ambiente lussuoso e confortevole. Gli spazi interni sono ampi e luminosi, con grandi finestre che permettono di godere della vista panoramica sulle colline circostanti. L&#8217;uso del legno come materiale principale crea un&#8217;atmosfera accogliente e armoniosa, che si fonde perfettamente con l&#8217;ambiente naturale [&hellip;]\" \/>\n<meta property=\"og:url\" content=\"https:\/\/www.halisof.com\/en\/vila-riko\/\" \/>\n<meta property=\"og:site_name\" content=\"Halisof\" \/>\n<meta property=\"article:modified_time\" content=\"2023-10-19T15:21:31+00:00\" \/>\n<meta property=\"og:image\" content=\"https:\/\/www.halisof.com\/wp-content\/uploads\/2023\/10\/IMG_0851.jpg\" \/>\n<meta name=\"twitter:card\" content=\"summary_large_image\" \/>\n<meta name=\"twitter:label1\" content=\"Tempo di lettura stimato\" \/>\n\t<meta name=\"twitter:data1\" content=\"1 minuto\" \/>\n<script type=\"application\/ld+json\" class=\"yoast-schema-graph\">{\"@context\":\"https:\/\/schema.org\",\"@graph\":[{\"@type\":\"WebPage\",\"@id\":\"https:\/\/www.halisof.com\/en\/vila-riko\/\",\"url\":\"https:\/\/www.halisof.com\/en\/vila-riko\/\",\"name\":\"Vila Riko - Halisof\",\"isPartOf\":{\"@id\":\"https:\/\/www.halisof.com\/#website\"},\"primaryImageOfPage\":{\"@id\":\"https:\/\/www.halisof.com\/en\/vila-riko\/#primaryimage\"},\"image\":{\"@id\":\"https:\/\/www.halisof.com\/en\/vila-riko\/#primaryimage\"},\"thumbnailUrl\":\"https:\/\/www.halisof.com\/wp-content\/uploads\/2023\/10\/IMG_0851.jpg\",\"datePublished\":\"2023-10-18T15:28:26+00:00\",\"dateModified\":\"2023-10-19T15:21:31+00:00\",\"breadcrumb\":{\"@id\":\"https:\/\/www.halisof.com\/en\/vila-riko\/#breadcrumb\"},\"inLanguage\":\"it-IT\",\"potentialAction\":[{\"@type\":\"ReadAction\",\"target\":[\"https:\/\/www.halisof.com\/en\/vila-riko\/\"]}]},{\"@type\":\"ImageObject\",\"inLanguage\":\"it-IT\",\"@id\":\"https:\/\/www.halisof.com\/en\/vila-riko\/#primaryimage\",\"url\":\"https:\/\/www.halisof.com\/wp-content\/uploads\/2023\/10\/IMG_0851.jpg\",\"contentUrl\":\"https:\/\/www.halisof.com\/wp-content\/uploads\/2023\/10\/IMG_0851.jpg\"},{\"@type\":\"BreadcrumbList\",\"@id\":\"https:\/\/www.halisof.com\/en\/vila-riko\/#breadcrumb\",\"itemListElement\":[{\"@type\":\"ListItem\",\"position\":1,\"name\":\"Home\",\"item\":\"https:\/\/www.halisof.com\/\"},{\"@type\":\"ListItem\",\"position\":2,\"name\":\"Vila Riko\"}]},{\"@type\":\"WebSite\",\"@id\":\"https:\/\/www.halisof.com\/#website\",\"url\":\"https:\/\/www.halisof.com\/\",\"name\":\"Halisof\",\"description\":\"\",\"publisher\":{\"@id\":\"https:\/\/www.halisof.com\/#organization\"},\"potentialAction\":[{\"@type\":\"SearchAction\",\"target\":{\"@type\":\"EntryPoint\",\"urlTemplate\":\"https:\/\/www.halisof.com\/?s={search_term_string}\"},\"query-input\":{\"@type\":\"PropertyValueSpecification\",\"valueRequired\":true,\"valueName\":\"search_term_string\"}}],\"inLanguage\":\"it-IT\"},{\"@type\":\"Organization\",\"@id\":\"https:\/\/www.halisof.com\/#organization\",\"name\":\"Halisof\",\"url\":\"https:\/\/www.halisof.com\/\",\"logo\":{\"@type\":\"ImageObject\",\"inLanguage\":\"it-IT\",\"@id\":\"https:\/\/www.halisof.com\/#\/schema\/logo\/image\/\",\"url\":\"https:\/\/www.halisof.com\/wp-content\/uploads\/2023\/10\/logo-Haliso-fwhite.png\",\"contentUrl\":\"https:\/\/www.halisof.com\/wp-content\/uploads\/2023\/10\/logo-Haliso-fwhite.png\",\"width\":2302,\"height\":617,\"caption\":\"Halisof\"},\"image\":{\"@id\":\"https:\/\/www.halisof.com\/#\/schema\/logo\/image\/\"}}]}<\/script>\n<!-- \/ Yoast SEO plugin. -->","yoast_head_json":{"title":"Vila Riko - Halisof","robots":{"index":"index","follow":"follow","max-snippet":"max-snippet:-1","max-image-preview":"max-image-preview:large","max-video-preview":"max-video-preview:-1"},"canonical":"https:\/\/www.halisof.com\/en\/vila-riko\/","og_locale":"it_IT","og_type":"article","og_title":"Vila Riko - Halisof","og_description":"VILA RIKO Component 6 \u2013 4-svg La villa \u00e8 progettata per offrire un ambiente lussuoso e confortevole. Gli spazi interni sono ampi e luminosi, con grandi finestre che permettono di godere della vista panoramica sulle colline circostanti. L&#8217;uso del legno come materiale principale crea un&#8217;atmosfera accogliente e armoniosa, che si fonde perfettamente con l&#8217;ambiente naturale [&hellip;]","og_url":"https:\/\/www.halisof.com\/en\/vila-riko\/","og_site_name":"Halisof","article_modified_time":"2023-10-19T15:21:31+00:00","og_image":[{"url":"https:\/\/www.halisof.com\/wp-content\/uploads\/2023\/10\/IMG_0851.jpg","type":"","width":"","height":""}],"twitter_card":"summary_large_image","twitter_misc":{"Tempo di lettura stimato":"1 minuto"},"schema":{"@context":"https:\/\/schema.org","@graph":[{"@type":"WebPage","@id":"https:\/\/www.halisof.com\/en\/vila-riko\/","url":"https:\/\/www.halisof.com\/en\/vila-riko\/","name":"Vila Riko - Halisof","isPartOf":{"@id":"https:\/\/www.halisof.com\/#website"},"primaryImageOfPage":{"@id":"https:\/\/www.halisof.com\/en\/vila-riko\/#primaryimage"},"image":{"@id":"https:\/\/www.halisof.com\/en\/vila-riko\/#primaryimage"},"thumbnailUrl":"https:\/\/www.halisof.com\/wp-content\/uploads\/2023\/10\/IMG_0851.jpg","datePublished":"2023-10-18T15:28:26+00:00","dateModified":"2023-10-19T15:21:31+00:00","breadcrumb":{"@id":"https:\/\/www.halisof.com\/en\/vila-riko\/#breadcrumb"},"inLanguage":"it-IT","potentialAction":[{"@type":"ReadAction","target":["https:\/\/www.halisof.com\/en\/vila-riko\/"]}]},{"@type":"ImageObject","inLanguage":"it-IT","@id":"https:\/\/www.halisof.com\/en\/vila-riko\/#primaryimage","url":"https:\/\/www.halisof.com\/wp-content\/uploads\/2023\/10\/IMG_0851.jpg","contentUrl":"https:\/\/www.halisof.com\/wp-content\/uploads\/2023\/10\/IMG_0851.jpg"},{"@type":"BreadcrumbList","@id":"https:\/\/www.halisof.com\/en\/vila-riko\/#breadcrumb","itemListElement":[{"@type":"ListItem","position":1,"name":"Home","item":"https:\/\/www.halisof.com\/"},{"@type":"ListItem","position":2,"name":"Vila Riko"}]},{"@type":"WebSite","@id":"https:\/\/www.halisof.com\/#website","url":"https:\/\/www.halisof.com\/","name":"Halisof","description":"","publisher":{"@id":"https:\/\/www.halisof.com\/#organization"},"potentialAction":[{"@type":"SearchAction","target":{"@type":"EntryPoint","urlTemplate":"https:\/\/www.halisof.com\/?s={search_term_string}"},"query-input":{"@type":"PropertyValueSpecification","valueRequired":true,"valueName":"search_term_string"}}],"inLanguage":"it-IT"},{"@type":"Organization","@id":"https:\/\/www.halisof.com\/#organization","name":"Halisof","url":"https:\/\/www.halisof.com\/","logo":{"@type":"ImageObject","inLanguage":"it-IT","@id":"https:\/\/www.halisof.com\/#\/schema\/logo\/image\/","url":"https:\/\/www.halisof.com\/wp-content\/uploads\/2023\/10\/logo-Haliso-fwhite.png","contentUrl":"https:\/\/www.halisof.com\/wp-content\/uploads\/2023\/10\/logo-Haliso-fwhite.png","width":2302,"height":617,"caption":"Halisof"},"image":{"@id":"https:\/\/www.halisof.com\/#\/schema\/logo\/image\/"}}]}},"_links":{"self":[{"href":"https:\/\/www.halisof.com\/it\/wp-json\/wp\/v2\/pages\/1164","targetHints":{"allow":["GET"]}}],"collection":[{"href":"https:\/\/www.halisof.com\/it\/wp-json\/wp\/v2\/pages"}],"about":[{"href":"https:\/\/www.halisof.com\/it\/wp-json\/wp\/v2\/types\/page"}],"author":[{"embeddable":true,"href":"https:\/\/www.halisof.com\/it\/wp-json\/wp\/v2\/users\/1"}],"replies":[{"embeddable":true,"href":"https:\/\/www.halisof.com\/it\/wp-json\/wp\/v2\/comments?post=1164"}],"version-history":[{"count":3,"href":"https:\/\/www.halisof.com\/it\/wp-json\/wp\/v2\/pages\/1164\/revisions"}],"predecessor-version":[{"id":1169,"href":"https:\/\/www.halisof.com\/it\/wp-json\/wp\/v2\/pages\/1164\/revisions\/1169"}],"wp:attachment":[{"href":"https:\/\/www.halisof.com\/it\/wp-json\/wp\/v2\/media?parent=1164"}],"curies":[{"name":"wp","href":"https:\/\/api.w.org\/{rel}","templated":true}]}}